{"id":16136,"date":"2023-07-25T16:14:10","date_gmt":"2023-07-25T14:14:10","guid":{"rendered":"https:\/\/lcn.eu\/company\/career\/sales-manager-in-the-field-m-f-d\/"},"modified":"2024-03-18T11:23:47","modified_gmt":"2024-03-18T10:23:47","slug":"sales-manager-in-the-field-m-f-d","status":"publish","type":"page","link":"https:\/\/www.lcn.eu\/en\/company\/career\/sales-manager-in-the-field-m-f-d\/","title":{"rendered":"External sales staff (m\/f\/d)"},"content":{"rendered":"\t\t<div data-elementor-type=\"wp-page\" data-elementor-id=\"16136\" class=\"elementor elementor-16136\" data-elementor-post-type=\"page\">\n\t\t\t\t\t\t<section class=\"elementor-section elementor-top-section elementor-element elementor-element-1baa6ce7 elementor-section-content-top elementor-reverse-tablet elementor-reverse-mobile elementor-section-boxed elementor-section-height-default elementor-section-height-default\" data-id=\"1baa6ce7\" data-element_type=\"section\" data-e-type=\"section\">\n\t\t\t\t\t\t\t<div class=\"elementor-background-overlay\"><\/div>\n\t\t\t\t\t\t\t<div class=\"elementor-container elementor-column-gap-no\">\n\t\t\t\t\t<div class=\"elementor-column elementor-col-50 elementor-top-column elementor-element elementor-element-5df598c\" data-id=\"5df598c\" data-element_type=\"column\" data-e-type=\"column\">\n\t\t\t<div class=\"elementor-widget-wrap elementor-element-populated\">\n\t\t\t\t\t\t<div class=\"elementor-element elementor-element-2f33a54f elementor-widget-divider--view-line_text elementor-widget-divider--element-align-left elementor-widget elementor-widget-divider\" data-id=\"2f33a54f\" data-element_type=\"widget\" data-e-type=\"widget\" data-settings=\"{&quot;_animation&quot;:&quot;none&quot;}\" data-widget_type=\"divider.default\">\n\t\t\t\t<div class=\"elementor-widget-container\">\n\t\t\t\t\t\t\t<div class=\"elementor-divider\">\n\t\t\t<span class=\"elementor-divider-separator\">\n\t\t\t\t\t\t\t<span class=\"elementor-divider__text elementor-divider__element\">\n\t\t\t\tVacancies\t\t\t\t<\/span>\n\t\t\t\t\t\t<\/span>\n\t\t<\/div>\n\t\t\t\t\t\t<\/div>\n\t\t\t\t<\/div>\n\t\t\t\t<div class=\"elementor-element elementor-element-71b2aa05 elementor-widget elementor-widget-heading\" data-id=\"71b2aa05\" data-element_type=\"widget\" data-e-type=\"widget\" data-widget_type=\"heading.default\">\n\t\t\t\t<div class=\"elementor-widget-container\">\n\t\t\t\t\t<h1 class=\"elementor-heading-title elementor-size-default\">Technical sales staff (m\/f\/d) in the field - Smart Home<\/h1>\t\t\t\t<\/div>\n\t\t\t\t<\/div>\n\t\t\t\t\t<\/div>\n\t\t<\/div>\n\t\t\t\t<div class=\"elementor-column elementor-col-50 elementor-top-column elementor-element elementor-element-380d989e\" data-id=\"380d989e\" data-element_type=\"column\" data-e-type=\"column\">\n\t\t\t<div class=\"elementor-widget-wrap elementor-element-populated\">\n\t\t\t\t\t\t<div class=\"elementor-element elementor-element-2f70fd33 elementor-widget elementor-widget-image\" data-id=\"2f70fd33\" data-element_type=\"widget\" data-e-type=\"widget\" data-widget_type=\"image.default\">\n\t\t\t\t<div class=\"elementor-widget-container\">\n\t\t\t\t\t\t\t\t\t\t\t\t\t\t\t<img fetchpriority=\"high\" decoding=\"async\" width=\"950\" height=\"320\" src=\"https:\/\/www.lcn.eu\/wp-content\/uploads\/2023\/05\/Karriere_01-1.jpg\" class=\"attachment-full size-full wp-image-12384\" alt=\"\" srcset=\"https:\/\/www.lcn.eu\/wp-content\/uploads\/2023\/05\/Karriere_01-1.jpg 950w, https:\/\/www.lcn.eu\/wp-content\/uploads\/2023\/05\/Karriere_01-1-480x162.jpg 480w, https:\/\/www.lcn.eu\/wp-content\/uploads\/2023\/05\/Karriere_01-1-768x259.jpg 768w, https:\/\/www.lcn.eu\/wp-content\/uploads\/2023\/05\/Karriere_01-1-600x202.jpg 600w\" sizes=\"(max-width: 950px) 100vw, 950px\" \/>\t\t\t\t\t\t\t\t\t\t\t\t\t\t\t<\/div>\n\t\t\t\t<\/div>\n\t\t\t\t\t<\/div>\n\t\t<\/div>\n\t\t\t\t\t<\/div>\n\t\t<\/section>\n\t\t\t\t<section class=\"elementor-section elementor-top-section elementor-element elementor-element-7913e6a elementor-section-content-top elementor-section-boxed elementor-section-height-default elementor-section-height-default\" data-id=\"7913e6a\" data-element_type=\"section\" data-e-type=\"section\">\n\t\t\t\t\t\t\t<div class=\"elementor-background-overlay\"><\/div>\n\t\t\t\t\t\t\t<div class=\"elementor-container elementor-column-gap-no\">\n\t\t\t\t\t<div class=\"elementor-column elementor-col-50 elementor-top-column elementor-element elementor-element-6d1a08c6\" data-id=\"6d1a08c6\" data-element_type=\"column\" data-e-type=\"column\">\n\t\t\t<div class=\"elementor-widget-wrap elementor-element-populated\">\n\t\t\t\t\t\t<div class=\"elementor-element elementor-element-e3e81c1 elementor-widget elementor-widget-text-editor\" data-id=\"e3e81c1\" data-element_type=\"widget\" data-e-type=\"widget\" data-widget_type=\"text-editor.default\">\n\t\t\t\t<div class=\"elementor-widget-container\">\n\t\t\t\t\t\t\t\t\t<p>With LCN building automation, ISSENDORFF KG has been offering the solution for future-oriented electrical specialists and ambitious building owners when it comes to safety, comfort and flexibility for over 30 years. From lighting to heating and air conditioning to security equipment, LCN can be used to automate almost all functions in the home.<\/p>\n<p><b>So that we can continue to grow, we are looking for you to join our team as<\/b><\/p>\t\t\t\t\t\t\t\t<\/div>\n\t\t\t\t<\/div>\n\t\t\t\t<div class=\"elementor-element elementor-element-707bbdfa elementor-widget elementor-widget-heading\" data-id=\"707bbdfa\" data-element_type=\"widget\" data-e-type=\"widget\" data-widget_type=\"heading.default\">\n\t\t\t\t<div class=\"elementor-widget-container\">\n\t\t\t\t\t<h2 class=\"elementor-heading-title elementor-size-default\">Technical sales staff (m\/f\/d) in the field - Smart Home<\/h2>\t\t\t\t<\/div>\n\t\t\t\t<\/div>\n\t\t\t\t<div class=\"elementor-element elementor-element-fb83cc3 elementor-widget elementor-widget-text-editor\" data-id=\"fb83cc3\" data-element_type=\"widget\" data-e-type=\"widget\" data-widget_type=\"text-editor.default\">\n\t\t\t\t<div class=\"elementor-widget-container\">\n\t\t\t\t\t\t\t\t\t<p><strong>Your responsibilities:<\/strong><\/p>\n<ul>\n<li>Your sales area is around your place of residence. You work from a home office and plan your customer visits independently<\/li>\n<li>The active acquisition of new customers in the respective area with the development and expansion of our customer base<\/li>\n<li>Advising and supporting our customers from the wholesale trade, electrical and installation companies in building technology and planning offices as well as at various trade fairs<\/li>\n<li>Erstellung von LCN-spezifischen Pl\u00e4nen und Angeboten f\u00fcr alle Arten von Geb\u00e4uden<\/li>\n<li>Close cooperation with the internal sales team<\/li>\n<\/ul>\n<p><strong>Your profile:<\/strong><\/p>\n<ul>\n<li>You have an apprenticeship in an electrical engineering profession or a degree and ideally have some experience in sales<\/li>\n<li><span lang=\"de-DE\">You are characterised by a confident manner and strong communication skills<\/span><\/li>\n<li>Empathy and customer-orientated thinking and acting are a matter of course for you<\/li>\n<li>You impress your customers with your independent and responsible way of working<\/li>\n<li>Your word is your bond, so you pursue your sales targets with great commitment and cultivate your customer base<\/li>\n<li>You have a very good knowledge of German<\/li>\n<\/ul>\n<p><strong>What we offer:<\/strong><\/p>\n<ul>\n<li>Very good work-life balance thanks to flexible working hours<\/li>\n<li>A structured onboarding programme in LCN as well as a motivated and helpful team that is always ready to support you<\/li>\n<li>A varied job that offers plenty of room for individuality<\/li>\n<li>Complete IT equipment<\/li>\n<li>An office team that supports you in the preparation of quotations<\/li>\n<li>Your own company car, also for private use<\/li>\n<li>A lucrative remuneration model including uncapped commission<\/li>\n<li>A familiar working atmosphere in an innovative, owner-managed company<\/li>\n<li>Company events<\/li>\n<\/ul>\n<p>If you have read this far, take the next step with us and apply &#8211; we look forward to active support!<br \/>Please send us your application, stating the earliest possible starting date and your salary expectations, preferably by e-mail.<\/p>\n<p><b>Your contact:<\/b> Franziska L\u00fcttich, e-mail: bewerbungen@lcn.de<\/p>\n\t\t\t\t\t\t\t\t<\/div>\n\t\t\t\t<\/div>\n\t\t\t\t\t<\/div>\n\t\t<\/div>\n\t\t\t\t<div class=\"elementor-column elementor-col-50 elementor-top-column elementor-element elementor-element-1ec48ae2\" data-id=\"1ec48ae2\" data-element_type=\"column\" data-e-type=\"column\">\n\t\t\t<div class=\"elementor-widget-wrap elementor-element-populated\">\n\t\t\t\t\t\t<div class=\"elementor-element elementor-element-5175d0a1 elementor-widget elementor-widget-image\" data-id=\"5175d0a1\" data-element_type=\"widget\" data-e-type=\"widget\" data-widget_type=\"image.default\">\n\t\t\t\t<div class=\"elementor-widget-container\">\n\t\t\t\t\t\t\t\t\t\t\t\t\t\t\t<img decoding=\"async\" width=\"1024\" height=\"1024\" src=\"https:\/\/www.lcn.eu\/wp-content\/uploads\/2022\/07\/Gemeinsam_LCN-1024x1024.jpg\" class=\"attachment-large size-large wp-image-4040\" alt=\"Gemeinsam mit LCN\" srcset=\"https:\/\/www.lcn.eu\/wp-content\/uploads\/2022\/07\/Gemeinsam_LCN-1024x1024.jpg 1024w, https:\/\/www.lcn.eu\/wp-content\/uploads\/2022\/07\/Gemeinsam_LCN-300x300.jpg 300w, https:\/\/www.lcn.eu\/wp-content\/uploads\/2022\/07\/Gemeinsam_LCN-100x100.jpg 100w, https:\/\/www.lcn.eu\/wp-content\/uploads\/2022\/07\/Gemeinsam_LCN-600x600.jpg 600w, https:\/\/www.lcn.eu\/wp-content\/uploads\/2022\/07\/Gemeinsam_LCN-480x480.jpg 480w, https:\/\/www.lcn.eu\/wp-content\/uploads\/2022\/07\/Gemeinsam_LCN-150x150.jpg 150w, https:\/\/www.lcn.eu\/wp-content\/uploads\/2022\/07\/Gemeinsam_LCN-768x768.jpg 768w, https:\/\/www.lcn.eu\/wp-content\/uploads\/2022\/07\/Gemeinsam_LCN.jpg 1076w\" sizes=\"(max-width: 1024px) 100vw, 1024px\" \/>\t\t\t\t\t\t\t\t\t\t\t\t\t\t\t<\/div>\n\t\t\t\t<\/div>\n\t\t\t\t<div class=\"elementor-element elementor-element-62af1dea elementor-widget elementor-widget-text-editor\" data-id=\"62af1dea\" data-element_type=\"widget\" data-e-type=\"widget\" data-widget_type=\"text-editor.default\">\n\t\t\t\t<div class=\"elementor-widget-container\">\n\t\t\t\t\t\t\t\t\t<p class=\"bodytext\">Send us your application documents by mail or e-mail (max. 5 MB).<\/p>\n<p><b>Contact person:<br \/><\/b> Mrs Franziska L\u00fcttich<br \/>Human Resources<\/p>\n<p>ISSENDORFF KG<br \/>Magdeburger Str. 3<br \/>30880 Laatzen-Rethen<\/p>\n<p>Phone: +49 5066 998 0<br \/>Fax: +49 5066 998 899<\/p>\n<p>Mail: <a href=\"mailto:bewerbungen@lcn.de\">bewerbungen@lcn.de<\/a><\/p>\n\t\t\t\t\t\t\t\t<\/div>\n\t\t\t\t<\/div>\n\t\t\t\t\t<\/div>\n\t\t<\/div>\n\t\t\t\t\t<\/div>\n\t\t<\/section>\n\t\t\t\t<\/div>\n\t\t","protected":false},"excerpt":{"rendered":"<p>Vacancies Technical sales staff (m\/f\/d) in the field &#8211; Smart Home With LCN building automation, ISSENDORFF KG has been offering the solution for future-oriented electrical specialists and ambitious building owners when it comes to safety, comfort and flexibility for over 30 years. From lighting to heating and air conditioning to security equipment, LCN can be [&hellip;]<\/p>\n","protected":false},"author":5,"featured_media":19311,"parent":16058,"menu_order":9,"comment_status":"closed","ping_status":"closed","template":"","meta":{"_acf_changed":false,"site-sidebar-layout":"no-sidebar","site-content-layout":"page-builder","ast-site-content-layout":"full-width-container","site-content-style":"unboxed","site-sidebar-style":"unboxed","ast-global-header-display":"","ast-banner-title-visibility":"","ast-main-header-display":"","ast-hfb-above-header-display":"","ast-hfb-below-header-display":"","ast-hfb-mobile-header-display":"","site-post-title":"disabled","ast-breadcrumbs-content":"","ast-featured-img":"disabled","footer-sml-layout":"","ast-disable-related-posts":"","theme-transparent-header-meta":"default","adv-header-id-meta":"","stick-header-meta":"","header-above-stick-meta":"","header-main-stick-meta":"","header-below-stick-meta":"","astra-migrate-meta-layouts":"set","ast-page-background-enabled":"default","ast-page-background-meta":{"desktop":{"background-color":"var(--ast-global-color-4)","background-image":"","background-repeat":"repeat","background-position":"center center","background-size":"auto","background-attachment":"scroll","background-type":"","background-media":"","overlay-type":"","overlay-color":"","overlay-opacity":"","overlay-gradient":""},"tablet":{"background-color":"","background-image":"","background-repeat":"repeat","background-position":"center center","background-size":"auto","background-attachment":"scroll","background-type":"","background-media":"","overlay-type":"","overlay-color":"","overlay-opacity":"","overlay-gradient":""},"mobile":{"background-color":"","background-image":"","background-repeat":"repeat","background-position":"center center","background-size":"auto","background-attachment":"scroll","background-type":"","background-media":"","overlay-type":"","overlay-color":"","overlay-opacity":"","overlay-gradient":""}},"ast-content-background-meta":{"desktop":{"background-color":"var(--ast-global-color-5)","background-image":"","background-repeat":"repeat","background-position":"center center","background-size":"auto","background-attachment":"scroll","background-type":"","background-media":"","overlay-type":"","overlay-color":"","overlay-opacity":"","overlay-gradient":""},"tablet":{"background-color":"var(--ast-global-color-5)","background-image":"","background-repeat":"repeat","background-position":"center center","background-size":"auto","background-attachment":"scroll","background-type":"","background-media":"","overlay-type":"","overlay-color":"","overlay-opacity":"","overlay-gradient":""},"mobile":{"background-color":"var(--ast-global-color-5)","background-image":"","background-repeat":"repeat","background-position":"center center","background-size":"auto","background-attachment":"scroll","background-type":"","background-media":"","overlay-type":"","overlay-color":"","overlay-opacity":"","overlay-gradient":""}},"footnotes":""},"class_list":["post-16136","page","type-page","status-publish","has-post-thumbnail","hentry"],"acf":[],"_links":{"self":[{"href":"https:\/\/www.lcn.eu\/en\/wp-json\/wp\/v2\/pages\/16136","targetHints":{"allow":["GET"]}}],"collection":[{"href":"https:\/\/www.lcn.eu\/en\/wp-json\/wp\/v2\/pages"}],"about":[{"href":"https:\/\/www.lcn.eu\/en\/wp-json\/wp\/v2\/types\/page"}],"author":[{"embeddable":true,"href":"https:\/\/www.lcn.eu\/en\/wp-json\/wp\/v2\/users\/5"}],"replies":[{"embeddable":true,"href":"https:\/\/www.lcn.eu\/en\/wp-json\/wp\/v2\/comments?post=16136"}],"version-history":[{"count":19,"href":"https:\/\/www.lcn.eu\/en\/wp-json\/wp\/v2\/pages\/16136\/revisions"}],"predecessor-version":[{"id":19862,"href":"https:\/\/www.lcn.eu\/en\/wp-json\/wp\/v2\/pages\/16136\/revisions\/19862"}],"up":[{"embeddable":true,"href":"https:\/\/www.lcn.eu\/en\/wp-json\/wp\/v2\/pages\/16058"}],"wp:featuredmedia":[{"embeddable":true,"href":"https:\/\/www.lcn.eu\/en\/wp-json\/wp\/v2\/media\/19311"}],"wp:attachment":[{"href":"https:\/\/www.lcn.eu\/en\/wp-json\/wp\/v2\/media?parent=16136"}],"curies":[{"name":"wp","href":"https:\/\/api.w.org\/{rel}","templated":true}]}}