{"id":18816,"date":"2024-02-01T14:32:14","date_gmt":"2024-02-01T13:32:14","guid":{"rendered":"https:\/\/www.lcn.eu\/soporte-tecnico-de-automatizacion-de-edificios-h-m-d\/"},"modified":"2024-02-05T11:02:59","modified_gmt":"2024-02-05T10:02:59","slug":"soporte-tecnico-de-automatizacion-de-edificios-h-m-d","status":"publish","type":"page","link":"https:\/\/www.lcn.eu\/es\/soporte-tecnico-de-automatizacion-de-edificios-h-m-d\/","title":{"rendered":"Soporte t\u00e9cnico de automatizaci\u00f3n de edificios (h\/m\/d)"},"content":{"rendered":"\t\t<div data-elementor-type=\"wp-page\" data-elementor-id=\"18816\" class=\"elementor elementor-18816\" data-elementor-post-type=\"page\">\n\t\t\t\t\t\t<section class=\"elementor-section elementor-top-section elementor-element elementor-element-e979870 elementor-section-content-top elementor-reverse-tablet elementor-reverse-mobile elementor-section-boxed elementor-section-height-default elementor-section-height-default\" data-id=\"e979870\" data-element_type=\"section\" data-e-type=\"section\">\n\t\t\t\t\t\t\t<div class=\"elementor-background-overlay\"><\/div>\n\t\t\t\t\t\t\t<div class=\"elementor-container elementor-column-gap-no\">\n\t\t\t\t\t<div class=\"elementor-column elementor-col-50 elementor-top-column elementor-element elementor-element-ed587e0\" data-id=\"ed587e0\" data-element_type=\"column\" data-e-type=\"column\">\n\t\t\t<div class=\"elementor-widget-wrap elementor-element-populated\">\n\t\t\t\t\t\t<div class=\"elementor-element elementor-element-7e6e79d elementor-widget-divider--view-line_text elementor-widget-divider--element-align-left elementor-widget elementor-widget-divider\" data-id=\"7e6e79d\" data-element_type=\"widget\" data-e-type=\"widget\" data-settings=\"{&quot;_animation&quot;:&quot;none&quot;}\" data-widget_type=\"divider.default\">\n\t\t\t\t<div class=\"elementor-widget-container\">\n\t\t\t\t\t\t\t<div class=\"elementor-divider\">\n\t\t\t<span class=\"elementor-divider-separator\">\n\t\t\t\t\t\t\t<span class=\"elementor-divider__text elementor-divider__element\">\n\t\t\t\tOfertas de trabajo\t\t\t\t<\/span>\n\t\t\t\t\t\t<\/span>\n\t\t<\/div>\n\t\t\t\t\t\t<\/div>\n\t\t\t\t<\/div>\n\t\t\t\t<div class=\"elementor-element elementor-element-8f9de1c elementor-widget elementor-widget-heading\" data-id=\"8f9de1c\" data-element_type=\"widget\" data-e-type=\"widget\" data-widget_type=\"heading.default\">\n\t\t\t\t<div class=\"elementor-widget-container\">\n\t\t\t\t\t<h1 class=\"elementor-heading-title elementor-size-default\">Soporte t\u00e9cnico Smart Home (h\/m\/d)<\/h1>\t\t\t\t<\/div>\n\t\t\t\t<\/div>\n\t\t\t\t\t<\/div>\n\t\t<\/div>\n\t\t\t\t<div class=\"elementor-column elementor-col-50 elementor-top-column elementor-element elementor-element-87ea14e\" data-id=\"87ea14e\" data-element_type=\"column\" data-e-type=\"column\">\n\t\t\t<div class=\"elementor-widget-wrap elementor-element-populated\">\n\t\t\t\t\t\t<div class=\"elementor-element elementor-element-1835dfe elementor-widget elementor-widget-image\" data-id=\"1835dfe\" data-element_type=\"widget\" data-e-type=\"widget\" data-widget_type=\"image.default\">\n\t\t\t\t<div class=\"elementor-widget-container\">\n\t\t\t\t\t\t\t\t\t\t\t\t\t\t\t<img fetchpriority=\"high\" decoding=\"async\" width=\"950\" height=\"320\" src=\"https:\/\/www.lcn.eu\/wp-content\/uploads\/2023\/05\/Karriere_01-1.jpg\" class=\"attachment-full size-full wp-image-12385\" alt=\"\" srcset=\"https:\/\/www.lcn.eu\/wp-content\/uploads\/2023\/05\/Karriere_01-1.jpg 950w, https:\/\/www.lcn.eu\/wp-content\/uploads\/2023\/05\/Karriere_01-1-480x162.jpg 480w, https:\/\/www.lcn.eu\/wp-content\/uploads\/2023\/05\/Karriere_01-1-768x259.jpg 768w, https:\/\/www.lcn.eu\/wp-content\/uploads\/2023\/05\/Karriere_01-1-600x202.jpg 600w\" sizes=\"(max-width: 950px) 100vw, 950px\" \/>\t\t\t\t\t\t\t\t\t\t\t\t\t\t\t<\/div>\n\t\t\t\t<\/div>\n\t\t\t\t\t<\/div>\n\t\t<\/div>\n\t\t\t\t\t<\/div>\n\t\t<\/section>\n\t\t\t\t<section class=\"elementor-section elementor-top-section elementor-element elementor-element-7913e6a elementor-section-content-top elementor-section-boxed elementor-section-height-default elementor-section-height-default\" data-id=\"7913e6a\" data-element_type=\"section\" data-e-type=\"section\">\n\t\t\t\t\t\t\t<div class=\"elementor-background-overlay\"><\/div>\n\t\t\t\t\t\t\t<div class=\"elementor-container elementor-column-gap-no\">\n\t\t\t\t\t<div class=\"elementor-column elementor-col-50 elementor-top-column elementor-element elementor-element-6d1a08c6\" data-id=\"6d1a08c6\" data-element_type=\"column\" data-e-type=\"column\">\n\t\t\t<div class=\"elementor-widget-wrap elementor-element-populated\">\n\t\t\t\t\t\t<div class=\"elementor-element elementor-element-e3e81c1 elementor-widget elementor-widget-text-editor\" data-id=\"e3e81c1\" data-element_type=\"widget\" data-e-type=\"widget\" data-widget_type=\"text-editor.default\">\n\t\t\t\t<div class=\"elementor-widget-container\">\n\t\t\t\t\t\t\t\t\t<p>Durante m\u00e1s de 30 a\u00f1os, la automatizaci\u00f3n de edificios LCN ha ofrecido una tecnolog\u00eda superior para edificios de todos los tama\u00f1os. Desde la iluminaci\u00f3n a la tecnolog\u00eda de calefacci\u00f3n y aire acondicionado, pasando por los sistemas de seguridad, el LCN permite automatizar pr\u00e1cticamente todas las funciones del hogar. El amistoso trabajo en equipo y los breves procesos de toma de decisiones garantizan la diversi\u00f3n en el trabajo.<\/p>\n<p><b>Para nuestra planta principal de Laatzen-Rethen, cerca de Hannover, buscamos un<\/b><\/p>\n\t\t\t\t\t\t\t\t<\/div>\n\t\t\t\t<\/div>\n\t\t\t\t<div class=\"elementor-element elementor-element-707bbdfa elementor-widget elementor-widget-heading\" data-id=\"707bbdfa\" data-element_type=\"widget\" data-e-type=\"widget\" data-widget_type=\"heading.default\">\n\t\t\t\t<div class=\"elementor-widget-container\">\n\t\t\t\t\t<h2 class=\"elementor-heading-title elementor-size-default\">Soporte t\u00e9cnico Smart Home (h\/m\/d)<\/h2>\t\t\t\t<\/div>\n\t\t\t\t<\/div>\n\t\t\t\t<div class=\"elementor-element elementor-element-fb83cc3 elementor-widget elementor-widget-text-editor\" data-id=\"fb83cc3\" data-element_type=\"widget\" data-e-type=\"widget\" data-widget_type=\"text-editor.default\">\n\t\t\t\t<div class=\"elementor-widget-container\">\n\t\t\t\t\t\t\t\t\t<p><strong>Tus tareas:<\/strong><\/p>\n<ul>\n<li>Asistencia t\u00e9cnica telef\u00f3nica y escrita para nuestro producto LCN, incluida la creaci\u00f3n de propuestas de programaci\u00f3n y la resoluci\u00f3n de problemas en los expedientes de los proyectos.<\/li>\n<li>Probar el hardware y el software para prepararlos para el mercado y garantizar continuamente nuestra promesa de calidad: la perfecci\u00f3n.<\/li>\n<li>Tramitaci\u00f3n t\u00e9cnica de las reclamaciones<\/li>\n<li>Creaci\u00f3n y mantenimiento de instrucciones de instalaci\u00f3n, documentaci\u00f3n y ayuda en l\u00ednea, a veces en colaboraci\u00f3n con otros departamentos.<\/li>\n<li>Representaci\u00f3n ocasional de la empresa en ferias comerciales<\/li>\n<li>Interfaz entre mercado y desarrollo<\/li>\n<\/ul>\n<p><strong>Lo que llevas contigo:<\/strong><\/p>\n<ul>\n<li>Formaci\u00f3n completa en una profesi\u00f3n t\u00e9cnica (por ejemplo, electricista\/t\u00e9cnico electr\u00f3nico).<\/li>\n<li>Conocimientos de LCN deseables, pero no un requisito previo. Recibir\u00e1 un completo programa de iniciaci\u00f3n.<\/li>\n<li>Inter\u00e9s por la asistencia t\u00e9cnica y gusto por el trato con los clientes<\/li>\n<li>Deseable buen conocimiento de ingl\u00e9s<\/li>\n<\/ul>\n<p><strong>Eso te caracteriza:<\/strong><\/p>\n<ul>\n<li>Pensamiento anal\u00edtico, orientado al proceso y capacidad de comprensi\u00f3n r\u00e1pida<\/li>\n<li>Modo de trabajo independiente y creatividad orientada a la b\u00fasqueda de soluciones<\/li>\n<li>Flexibilidad y esp\u00edritu de equipo<\/li>\n<li>Fiabilidad, diligencia y sentido de la responsabilidad<\/li>\n<\/ul>\n<p><strong>Esto es lo que le ofrecemos:<\/strong><\/p>\n<ul>\n<li>Horarios de trabajo flexibles y basados en la confianza<\/li>\n<li>Una familiarizaci\u00f3n estructurada con LCN, as\u00ed como un equipo motivado y servicial que siempre estar\u00e1 a su disposici\u00f3n (incluso despu\u00e9s de la familiarizaci\u00f3n oficial).<\/li>\n<li>Bebidas y fruta gratis<\/li>\n<li>Aparcamiento propio y buenas conexiones de transporte p\u00fablico<\/li>\n<li>Espacio para la individualidad y la creatividad<\/li>\n<li>Sala de relajaci\u00f3n y gimnasio con camilla de hidromasaje<\/li>\n<li>Muy buena conciliaci\u00f3n de la vida laboral y familiar<\/li>\n<li>Actos peri\u00f3dicos de empresa<\/li>\n<li>Trabajar en un entorno preparado para el futuro<\/li>\n<\/ul>\n<p>Le ofrecemos un puesto de trabajo interesante en una empresa innovadora, gestionada por sus propietarios, con condiciones atractivas, seguras y orientadas al futuro. Por favor, env\u00ede su solicitud, indicando la fecha de inicio m\u00e1s temprana posible y sus expectativas salariales, preferiblemente por correo electr\u00f3nico.<\/p>\n<p><b>Puesto:<\/b> inmediato, a tiempo completo, en Laatzen<\/p>\n\t\t\t\t\t\t\t\t<\/div>\n\t\t\t\t<\/div>\n\t\t\t\t\t<\/div>\n\t\t<\/div>\n\t\t\t\t<div class=\"elementor-column elementor-col-50 elementor-top-column elementor-element elementor-element-1ec48ae2\" data-id=\"1ec48ae2\" data-element_type=\"column\" data-e-type=\"column\">\n\t\t\t<div class=\"elementor-widget-wrap elementor-element-populated\">\n\t\t\t\t\t\t<div class=\"elementor-element elementor-element-5175d0a1 elementor-widget elementor-widget-image\" data-id=\"5175d0a1\" data-element_type=\"widget\" data-e-type=\"widget\" data-widget_type=\"image.default\">\n\t\t\t\t<div class=\"elementor-widget-container\">\n\t\t\t\t\t\t\t\t\t\t\t\t\t\t\t<img decoding=\"async\" width=\"1024\" height=\"1024\" src=\"https:\/\/www.lcn.eu\/wp-content\/uploads\/2022\/07\/Gemeinsam_LCN-1024x1024.jpg\" class=\"attachment-large size-large wp-image-4041\" alt=\"Gemeinsam mit LCN\" srcset=\"https:\/\/www.lcn.eu\/wp-content\/uploads\/2022\/07\/Gemeinsam_LCN-1024x1024.jpg 1024w, https:\/\/www.lcn.eu\/wp-content\/uploads\/2022\/07\/Gemeinsam_LCN-300x300.jpg 300w, https:\/\/www.lcn.eu\/wp-content\/uploads\/2022\/07\/Gemeinsam_LCN-100x100.jpg 100w, https:\/\/www.lcn.eu\/wp-content\/uploads\/2022\/07\/Gemeinsam_LCN-600x600.jpg 600w, https:\/\/www.lcn.eu\/wp-content\/uploads\/2022\/07\/Gemeinsam_LCN-480x480.jpg 480w, https:\/\/www.lcn.eu\/wp-content\/uploads\/2022\/07\/Gemeinsam_LCN-150x150.jpg 150w, https:\/\/www.lcn.eu\/wp-content\/uploads\/2022\/07\/Gemeinsam_LCN-768x768.jpg 768w, https:\/\/www.lcn.eu\/wp-content\/uploads\/2022\/07\/Gemeinsam_LCN.jpg 1076w\" sizes=\"(max-width: 1024px) 100vw, 1024px\" \/>\t\t\t\t\t\t\t\t\t\t\t\t\t\t\t<\/div>\n\t\t\t\t<\/div>\n\t\t\t\t<div class=\"elementor-element elementor-element-62af1dea elementor-widget elementor-widget-text-editor\" data-id=\"62af1dea\" data-element_type=\"widget\" data-e-type=\"widget\" data-widget_type=\"text-editor.default\">\n\t\t\t\t<div class=\"elementor-widget-container\">\n\t\t\t\t\t\t\t\t\t<p class=\"bodytext\">Env\u00edenos la documentaci\u00f3n detallada de su solicitud por correo postal o electr\u00f3nico (m\u00e1x. 5 MB).<\/p>\n<p><b>Contacto:<br \/><\/b>Sra. Elena L\u00fcbbesmeyer<br \/>Asistente de direcci\u00f3n<\/p>\n<p>ISSENDORFF KG<br \/>Magdeburger Str. 3<br \/>30880 Laatzen-Rethen<\/p>\n<p>Tel\u00e9fono: +49 5066 998 0<br \/>Fax: +49 5066 998 899<\/p>\n<p>Correo electr\u00f3nico: <a href=\"mailto:bewerbungen@lcn.de\">bewerbungen@lcn.de<\/a><\/p>\n\t\t\t\t\t\t\t\t<\/div>\n\t\t\t\t<\/div>\n\t\t\t\t\t<\/div>\n\t\t<\/div>\n\t\t\t\t\t<\/div>\n\t\t<\/section>\n\t\t\t\t<\/div>\n\t\t","protected":false},"excerpt":{"rendered":"<p>Ofertas de trabajo Soporte t\u00e9cnico Smart Home (h\/m\/d) Durante m\u00e1s de 30 a\u00f1os, la automatizaci\u00f3n de edificios LCN ha ofrecido una tecnolog\u00eda superior para edificios de todos los tama\u00f1os. Desde la iluminaci\u00f3n a la tecnolog\u00eda de calefacci\u00f3n y aire acondicionado, pasando por los sistemas de seguridad, el LCN permite automatizar pr\u00e1cticamente todas las funciones del [&hellip;]<\/p>\n","protected":false},"author":7,"featured_media":0,"parent":0,"menu_order":4,"comment_status":"closed","ping_status":"closed","template":"","meta":{"_acf_changed":false,"site-sidebar-layout":"no-sidebar","site-content-layout":"page-builder","ast-site-content-layout":"full-width-container","site-content-style":"unboxed","site-sidebar-style":"unboxed","ast-global-header-display":"","ast-banner-title-visibility":"","ast-main-header-display":"","ast-hfb-above-header-display":"","ast-hfb-below-header-display":"","ast-hfb-mobile-header-display":"","site-post-title":"disabled","ast-breadcrumbs-content":"","ast-featured-img":"disabled","footer-sml-layout":"","ast-disable-related-posts":"","theme-transparent-header-meta":"default","adv-header-id-meta":"","stick-header-meta":"","header-above-stick-meta":"","header-main-stick-meta":"","header-below-stick-meta":"","astra-migrate-meta-layouts":"set","ast-page-background-enabled":"default","ast-page-background-meta":{"desktop":{"background-color":"var(--ast-global-color-4)","background-image":"","background-repeat":"repeat","background-position":"center center","background-size":"auto","background-attachment":"scroll","background-type":"","background-media":"","overlay-type":"","overlay-color":"","overlay-opacity":"","overlay-gradient":""},"tablet":{"background-color":"","background-image":"","background-repeat":"repeat","background-position":"center center","background-size":"auto","background-attachment":"scroll","background-type":"","background-media":"","overlay-type":"","overlay-color":"","overlay-opacity":"","overlay-gradient":""},"mobile":{"background-color":"","background-image":"","background-repeat":"repeat","background-position":"center center","background-size":"auto","background-attachment":"scroll","background-type":"","background-media":"","overlay-type":"","overlay-color":"","overlay-opacity":"","overlay-gradient":""}},"ast-content-background-meta":{"desktop":{"background-color":"var(--ast-global-color-5)","background-image":"","background-repeat":"repeat","background-position":"center center","background-size":"auto","background-attachment":"scroll","background-type":"","background-media":"","overlay-type":"","overlay-color":"","overlay-opacity":"","overlay-gradient":""},"tablet":{"background-color":"var(--ast-global-color-5)","background-image":"","background-repeat":"repeat","background-position":"center center","background-size":"auto","background-attachment":"scroll","background-type":"","background-media":"","overlay-type":"","overlay-color":"","overlay-opacity":"","overlay-gradient":""},"mobile":{"background-color":"var(--ast-global-color-5)","background-image":"","background-repeat":"repeat","background-position":"center center","background-size":"auto","background-attachment":"scroll","background-type":"","background-media":"","overlay-type":"","overlay-color":"","overlay-opacity":"","overlay-gradient":""}},"footnotes":""},"class_list":["post-18816","page","type-page","status-publish","hentry"],"acf":[],"_links":{"self":[{"href":"https:\/\/www.lcn.eu\/es\/wp-json\/wp\/v2\/pages\/18816","targetHints":{"allow":["GET"]}}],"collection":[{"href":"https:\/\/www.lcn.eu\/es\/wp-json\/wp\/v2\/pages"}],"about":[{"href":"https:\/\/www.lcn.eu\/es\/wp-json\/wp\/v2\/types\/page"}],"author":[{"embeddable":true,"href":"https:\/\/www.lcn.eu\/es\/wp-json\/wp\/v2\/users\/7"}],"replies":[{"embeddable":true,"href":"https:\/\/www.lcn.eu\/es\/wp-json\/wp\/v2\/comments?post=18816"}],"version-history":[{"count":2,"href":"https:\/\/www.lcn.eu\/es\/wp-json\/wp\/v2\/pages\/18816\/revisions"}],"predecessor-version":[{"id":18851,"href":"https:\/\/www.lcn.eu\/es\/wp-json\/wp\/v2\/pages\/18816\/revisions\/18851"}],"wp:attachment":[{"href":"https:\/\/www.lcn.eu\/es\/wp-json\/wp\/v2\/media?parent=18816"}],"curies":[{"name":"wp","href":"https:\/\/api.w.org\/{rel}","templated":true}]}}