{"id":20399,"date":"2023-04-28T11:42:39","date_gmt":"2024-05-07T09:08:16","guid":{"rendered":"https:\/\/www.lcn.eu\/lcn-fuer-installateure\/produkte\/sin categor\u00eda\/lcn-hl4\/"},"modified":"2024-05-07T11:08:16","modified_gmt":"2024-05-07T09:08:16","slug":"lcn-hl4","status":"publish","type":"product","link":"https:\/\/www.lcn.eu\/es\/lcn-fuer-installateure\/produkte\/salidas\/lcn-hl4\/","title":{"rendered":"LCN-HL4+"},"content":{"rendered":"<section class=\"av_textblock_section \">\n<div class=\"avia_textblock \">\n<p>El dimmer de cuatro canales LCN-HL4+ est\u00e1 dise\u00f1ado para un control sencillo y flexible de LED con tensi\u00f3n constante, como tiras de LED o proyectores LED. El LCN-HL4+ controla los LED seg\u00fan el modelo de color HSB y RGB. La saturaci\u00f3n, el brillo y el valor del color pueden controlarse por separado mediante el modelo de color HSB. Puede conectarse a todos los m\u00f3dulos LCN, preferentemente cuando las salidas no se utilizan para otros fines, por ejemplo con el LCN-SHS. Transmite los valores de luminosidad de las salidas electr\u00f3nicas (virtuales) 1 a 4 al LCN-HL4+ a trav\u00e9s de la conexi\u00f3n I. El LCN-HL4+ convierte estos valores en una se\u00f1al PWM para los LEDs. Est\u00e1 conectado a la conexi\u00f3n I de un m\u00f3dulo LCN del firmware 170212 (febrero de 2013). La potencia total de las cuatro salidas es de 480 vatios, hasta siete LCN-HL4+ pueden funcionar en un m\u00f3dulo de bus.<\/p>\n<p><strong>Campos de aplicaci\u00f3n:<\/strong><\/p>\n<ul>\n<li>Control del sistema LED de tensi\u00f3n constante, incluida la conmutaci\u00f3n y la atenuaci\u00f3n en valores de color.<\/li>\n<\/ul>\n<p>La parametrizaci\u00f3n del LCN-HL4+ requiere el software de parametrizaci\u00f3n LCN-PRO versi\u00f3n 6.6.x o superior.<\/p>\n<p>Tambi\u00e9n se necesita una fuente de alimentaci\u00f3n de 12 \u00f3 24 V= con protecci\u00f3n contra sobrecargas. La fuente de alimentaci\u00f3n utilizada debe ser a prueba de impulsos y de tensi\u00f3n estable y ofrecer una reserva de potencia del 30%. Para obtener informaci\u00f3n detallada, consulte las instrucciones de instalaci\u00f3n.<\/p>\n<\/div>\n<p><a class=\"elementor-button-link elementor-button elementor-size-sm\" href=\"https:\/\/webshop.lcn.eu\/LCN-HL4\/30323\" target=\"_blank\" rel=\"noopener\">A la tienda virtual<\/a><\/p>\n<\/section>\n","protected":false},"excerpt":{"rendered":"<p>Regulador LED de cuatro canales para el carril DIN<\/p>\n","protected":false},"featured_media":23790,"template":"","meta":{"_acf_changed":false,"site-sidebar-layout":"default","site-content-layout":"default","ast-site-content-layout":"default","site-content-style":"default","site-sidebar-style":"default","ast-global-header-display":"","ast-banner-title-visibility":"","ast-main-header-display":"","ast-hfb-above-header-display":"","ast-hfb-below-header-display":"","ast-hfb-mobile-header-display":"","site-post-title":"","ast-breadcrumbs-content":"","ast-featured-img":"","footer-sml-layout":"","ast-disable-related-posts":"","theme-transparent-header-meta":"default","adv-header-id-meta":"","stick-header-meta":"","header-above-stick-meta":"","header-main-stick-meta":"","header-below-stick-meta":"","astra-migrate-meta-layouts":"default","ast-page-background-enabled":"default","ast-page-background-meta":{"desktop":{"background-color":"var(--ast-global-color-4)","background-image":"","background-repeat":"repeat","background-position":"center center","background-size":"auto","background-attachment":"scroll","background-type":"","background-media":"","overlay-type":"","overlay-color":"","overlay-opacity":"","overlay-gradient":""},"tablet":{"background-color":"","background-image":"","background-repeat":"repeat","background-position":"center center","background-size":"auto","background-attachment":"scroll","background-type":"","background-media":"","overlay-type":"","overlay-color":"","overlay-opacity":"","overlay-gradient":""},"mobile":{"background-color":"","background-image":"","background-repeat":"repeat","background-position":"center center","background-size":"auto","background-attachment":"scroll","background-type":"","background-media":"","overlay-type":"","overlay-color":"","overlay-opacity":"","overlay-gradient":""}},"ast-content-background-meta":{"desktop":{"background-color":"var(--ast-global-color-5)","background-image":"","background-repeat":"repeat","background-position":"center center","background-size":"auto","background-attachment":"scroll","background-type":"","background-media":"","overlay-type":"","overlay-color":"","overlay-opacity":"","overlay-gradient":""},"tablet":{"background-color":"var(--ast-global-color-5)","background-image":"","background-repeat":"repeat","background-position":"center center","background-size":"auto","background-attachment":"scroll","background-type":"","background-media":"","overlay-type":"","overlay-color":"","overlay-opacity":"","overlay-gradient":""},"mobile":{"background-color":"var(--ast-global-color-5)","background-image":"","background-repeat":"repeat","background-position":"center center","background-size":"auto","background-attachment":"scroll","background-type":"","background-media":"","overlay-type":"","overlay-color":"","overlay-opacity":"","overlay-gradient":""}}},"product_brand":[],"product_cat":[183],"product_tag":[],"class_list":{"0":"post-20399","1":"product","2":"type-product","3":"status-publish","4":"has-post-thumbnail","6":"product_cat-salidas","7":"desktop-align-left","8":"tablet-align-left","9":"mobile-align-left","11":"first","12":"instock","13":"shipping-taxable","14":"product-type-simple"},"acf":[],"_links":{"self":[{"href":"https:\/\/www.lcn.eu\/es\/wp-json\/wp\/v2\/product\/20399","targetHints":{"allow":["GET"]}}],"collection":[{"href":"https:\/\/www.lcn.eu\/es\/wp-json\/wp\/v2\/product"}],"about":[{"href":"https:\/\/www.lcn.eu\/es\/wp-json\/wp\/v2\/types\/product"}],"wp:featuredmedia":[{"embeddable":true,"href":"https:\/\/www.lcn.eu\/es\/wp-json\/wp\/v2\/media\/23790"}],"wp:attachment":[{"href":"https:\/\/www.lcn.eu\/es\/wp-json\/wp\/v2\/media?parent=20399"}],"wp:term":[{"taxonomy":"product_brand","embeddable":true,"href":"https:\/\/www.lcn.eu\/es\/wp-json\/wp\/v2\/product_brand?post=20399"},{"taxonomy":"product_cat","embeddable":true,"href":"https:\/\/www.lcn.eu\/es\/wp-json\/wp\/v2\/product_cat?post=20399"},{"taxonomy":"product_tag","embeddable":true,"href":"https:\/\/www.lcn.eu\/es\/wp-json\/wp\/v2\/product_tag?post=20399"}],"curies":[{"name":"wp","href":"https:\/\/api.w.org\/{rel}","templated":true}]}}