{"id":20403,"date":"2023-04-28T11:05:22","date_gmt":"2024-05-07T12:29:09","guid":{"rendered":"https:\/\/www.lcn.eu\/lcn-fuer-installateure\/produkte\/sin categor\u00eda\/lcn-r6h\/"},"modified":"2024-05-07T14:29:09","modified_gmt":"2024-05-07T12:29:09","slug":"lcn-r6h","status":"publish","type":"product","link":"https:\/\/www.lcn.eu\/es\/lcn-fuer-installateure\/produkte\/salidas\/lcn-r6h\/","title":{"rendered":"LCN-R6H"},"content":{"rendered":"<section class=\"av_textblock_section \">\n<div class=\"avia_textblock \">\n<p>El bloque de rel\u00e9s LCN se utiliza para controlar hasta 6 circuitos\/consumidores independientes o hasta 3 accionamientos de motor controlados independientemente. Es posible el funcionamiento mixto.<br \/>\nLos contactos conmutados de 16 A libres de potencial est\u00e1n guiados individualmente y optimizados para altas corrientes de entrada.<\/p>\n<p><strong>Campos de aplicaci\u00f3n:<\/strong><\/p>\n<ul>\n<li>Ampliaci\u00f3n del bus LCN con rel\u00e9s de conmutaci\u00f3n adicionales para accionamientos o consumidores de alta potencia.<\/li>\n<\/ul>\n<p>Los contactos de rel\u00e9 del LCN-R6H est\u00e1n optimizados para altas corrientes de irrupci\u00f3n (material de contacto AgSnO<sub>2<\/sub>). Requieren una carga m\u00ednima de al menos 20 V o 100 mA) para que no se produzcan capas de \u00f3xido y, por tanto, fallos de contacto. Al planificar las cargas de contacto, deben tenerse en cuenta las corrientes de arranque y reactivas. Los rel\u00e9s con contactos de oro est\u00e1n disponibles opcionalmente para su uso en la tecnolog\u00eda de los medios de comunicaci\u00f3n.<\/p>\n<p><a class=\"elementor-button-link elementor-button elementor-size-sm\" href=\"https:\/\/webshop.lcn.eu\/LCN-R6H\/30330\" target=\"_blank\" rel=\"noopener\">A la tienda virtual<\/a><\/p>\n<\/div>\n<\/section>\n","protected":false},"excerpt":{"rendered":"<p>M\u00f3dulo de rel\u00e9s con seis salidas para el carril DIN<\/p>\n","protected":false},"featured_media":3591,"template":"","meta":{"_acf_changed":false,"site-sidebar-layout":"default","site-content-layout":"default","ast-site-content-layout":"default","site-content-style":"default","site-sidebar-style":"default","ast-global-header-display":"","ast-banner-title-visibility":"","ast-main-header-display":"","ast-hfb-above-header-display":"","ast-hfb-below-header-display":"","ast-hfb-mobile-header-display":"","site-post-title":"","ast-breadcrumbs-content":"","ast-featured-img":"","footer-sml-layout":"","ast-disable-related-posts":"","theme-transparent-header-meta":"default","adv-header-id-meta":"","stick-header-meta":"","header-above-stick-meta":"","header-main-stick-meta":"","header-below-stick-meta":"","astra-migrate-meta-layouts":"default","ast-page-background-enabled":"default","ast-page-background-meta":{"desktop":{"background-color":"var(--ast-global-color-4)","background-image":"","background-repeat":"repeat","background-position":"center center","background-size":"auto","background-attachment":"scroll","background-type":"","background-media":"","overlay-type":"","overlay-color":"","overlay-opacity":"","overlay-gradient":""},"tablet":{"background-color":"","background-image":"","background-repeat":"repeat","background-position":"center center","background-size":"auto","background-attachment":"scroll","background-type":"","background-media":"","overlay-type":"","overlay-color":"","overlay-opacity":"","overlay-gradient":""},"mobile":{"background-color":"","background-image":"","background-repeat":"repeat","background-position":"center center","background-size":"auto","background-attachment":"scroll","background-type":"","background-media":"","overlay-type":"","overlay-color":"","overlay-opacity":"","overlay-gradient":""}},"ast-content-background-meta":{"desktop":{"background-color":"var(--ast-global-color-5)","background-image":"","background-repeat":"repeat","background-position":"center center","background-size":"auto","background-attachment":"scroll","background-type":"","background-media":"","overlay-type":"","overlay-color":"","overlay-opacity":"","overlay-gradient":""},"tablet":{"background-color":"var(--ast-global-color-5)","background-image":"","background-repeat":"repeat","background-position":"center center","background-size":"auto","background-attachment":"scroll","background-type":"","background-media":"","overlay-type":"","overlay-color":"","overlay-opacity":"","overlay-gradient":""},"mobile":{"background-color":"var(--ast-global-color-5)","background-image":"","background-repeat":"repeat","background-position":"center center","background-size":"auto","background-attachment":"scroll","background-type":"","background-media":"","overlay-type":"","overlay-color":"","overlay-opacity":"","overlay-gradient":""}}},"product_brand":[],"product_cat":[183],"product_tag":[],"class_list":{"0":"post-20403","1":"product","2":"type-product","3":"status-publish","4":"has-post-thumbnail","6":"product_cat-salidas","7":"desktop-align-left","8":"tablet-align-left","9":"mobile-align-left","11":"first","12":"instock","13":"shipping-taxable","14":"product-type-simple"},"acf":[],"_links":{"self":[{"href":"https:\/\/www.lcn.eu\/es\/wp-json\/wp\/v2\/product\/20403","targetHints":{"allow":["GET"]}}],"collection":[{"href":"https:\/\/www.lcn.eu\/es\/wp-json\/wp\/v2\/product"}],"about":[{"href":"https:\/\/www.lcn.eu\/es\/wp-json\/wp\/v2\/types\/product"}],"wp:featuredmedia":[{"embeddable":true,"href":"https:\/\/www.lcn.eu\/es\/wp-json\/wp\/v2\/media\/3591"}],"wp:attachment":[{"href":"https:\/\/www.lcn.eu\/es\/wp-json\/wp\/v2\/media?parent=20403"}],"wp:term":[{"taxonomy":"product_brand","embeddable":true,"href":"https:\/\/www.lcn.eu\/es\/wp-json\/wp\/v2\/product_brand?post=20403"},{"taxonomy":"product_cat","embeddable":true,"href":"https:\/\/www.lcn.eu\/es\/wp-json\/wp\/v2\/product_cat?post=20403"},{"taxonomy":"product_tag","embeddable":true,"href":"https:\/\/www.lcn.eu\/es\/wp-json\/wp\/v2\/product_tag?post=20403"}],"curies":[{"name":"wp","href":"https:\/\/api.w.org\/{rel}","templated":true}]}}