{"id":20408,"date":"2023-04-28T10:29:26","date_gmt":"2024-05-07T13:09:03","guid":{"rendered":"https:\/\/www.lcn.eu\/lcn-fuer-installateure\/produkte\/sin categor\u00eda\/lcn-wb11-wb22\/"},"modified":"2024-05-07T15:09:03","modified_gmt":"2024-05-07T13:09:03","slug":"lcn-wb11-wb22","status":"publish","type":"product","link":"https:\/\/www.lcn.eu\/es\/lcn-fuer-installateure\/produkte\/accesorios\/lcn-wb11-wb22\/","title":{"rendered":"LCN-WB11\/WB22"},"content":{"rendered":"<section class=\"av_textblock_section \">\n<div class=\"avia_textblock \">\n<p>El LCN-WB11\/WB22 es un wallbox para la carga de CA de coches el\u00e9ctricos con una conexi\u00f3n de tipo 2. Gracias a su conexi\u00f3n de datos LCN, puede integrarse totalmente en un hogar inteligente LCN.<br \/>\nLa Wallbox est\u00e1 disponible en dos versiones, LCN-WB11 para una capacidad m\u00e1xima de carga de 11 kW y LCN-WB22 para una capacidad m\u00e1xima de carga de 22 kW. La Wallbox dispone de la inteligencia LCN habitual, de modo que la Wallbox puede programarse libremente como de costumbre con los conocimientos previos LCN adecuados.<\/p>\n<p>LCN le ofrece muchos modos de carga diferentes que puede configurar libremente y asignar a los botones de un LCN-GT12, por ejemplo.<\/p>\n<p><strong>Ejemplos de programas de carga:<\/strong><br \/>\n<strong>Super Solar<\/strong>: S\u00f3lo se carga con energ\u00eda solar<br \/>\n<strong>20+ econom\u00eda<\/strong>: 20% de carga al principio, luego s\u00f3lo energ\u00eda solar<br \/>\n<strong>Fecha de guardado<\/strong>: primer guardado, a partir de una hora determinada garantizar la carga<br \/>\nPor supuesto, estos modos se pueden personalizar en el LCN-PRO como se desee y adaptar a sus necesidades.<\/p>\n<p><strong>Equipamiento:<\/strong><\/p>\n<p>\u2022 Corriente de carga de 16 A o 32 A con protecci\u00f3n contra fallos de todo tipo de corriente<br \/>\n\u2022 Gesti\u00f3n de la energ\u00eda LCN<br \/>\n\u2022 Enchufe tipo 2<br \/>\n\u2022 Dos salidas de regulaci\u00f3n adicionales, por ejemplo, para la iluminaci\u00f3n del garaje<br \/>\n\u2022 2 botones t\u00e1ctiles (LCN-WB22)<br \/>\n\u2022 Lector RFID (LCN-WB22)<br \/>\n\u2022 Contador el\u00e9ctrico calibrado con pantalla digital (LCN-WB22)<br \/>\n\u2022 Potencia de carga actual como valor medido en el LCN-BUS (LCN-WB22)<br \/>\n\u2022 Energ\u00eda cargada como valor medido en el LCN-BUS (LCN-WB22)<\/p>\n<p>Las cajas murales LCN funcionan sin m\u00e1s programaci\u00f3n LCN y sin conexi\u00f3n a una instalaci\u00f3n LCN, entonces suministran la corriente m\u00e1xima permitida (LCN-WB11: 16A, LCN-WB22: 16-32A, dependiendo del cable de carga utilizado).<\/p>\n<\/div>\n<p><a class=\"elementor-button-link elementor-button elementor-size-sm\" href=\"https:\/\/webshop.lcn.eu\/LCN-WB22\/30368\" target=\"_blank\" rel=\"noopener\">A la tienda virtual<\/a><\/p>\n<\/section>\n","protected":false},"excerpt":{"rendered":"<p>Wallbox con 11 kW o 22 kW y gesti\u00f3n de energ\u00eda LCN<\/p>\n","protected":false},"featured_media":14924,"template":"","meta":{"_acf_changed":false,"site-sidebar-layout":"default","site-content-layout":"default","ast-site-content-layout":"default","site-content-style":"default","site-sidebar-style":"default","ast-global-header-display":"","ast-banner-title-visibility":"","ast-main-header-display":"","ast-hfb-above-header-display":"","ast-hfb-below-header-display":"","ast-hfb-mobile-header-display":"","site-post-title":"","ast-breadcrumbs-content":"","ast-featured-img":"","footer-sml-layout":"","ast-disable-related-posts":"","theme-transparent-header-meta":"default","adv-header-id-meta":"","stick-header-meta":"","header-above-stick-meta":"","header-main-stick-meta":"","header-below-stick-meta":"","astra-migrate-meta-layouts":"default","ast-page-background-enabled":"default","ast-page-background-meta":{"desktop":{"background-color":"var(--ast-global-color-4)","background-image":"","background-repeat":"repeat","background-position":"center center","background-size":"auto","background-attachment":"scroll","background-type":"","background-media":"","overlay-type":"","overlay-color":"","overlay-opacity":"","overlay-gradient":""},"tablet":{"background-color":"","background-image":"","background-repeat":"repeat","background-position":"center center","background-size":"auto","background-attachment":"scroll","background-type":"","background-media":"","overlay-type":"","overlay-color":"","overlay-opacity":"","overlay-gradient":""},"mobile":{"background-color":"","background-image":"","background-repeat":"repeat","background-position":"center center","background-size":"auto","background-attachment":"scroll","background-type":"","background-media":"","overlay-type":"","overlay-color":"","overlay-opacity":"","overlay-gradient":""}},"ast-content-background-meta":{"desktop":{"background-color":"var(--ast-global-color-5)","background-image":"","background-repeat":"repeat","background-position":"center center","background-size":"auto","background-attachment":"scroll","background-type":"","background-media":"","overlay-type":"","overlay-color":"","overlay-opacity":"","overlay-gradient":""},"tablet":{"background-color":"var(--ast-global-color-5)","background-image":"","background-repeat":"repeat","background-position":"center center","background-size":"auto","background-attachment":"scroll","background-type":"","background-media":"","overlay-type":"","overlay-color":"","overlay-opacity":"","overlay-gradient":""},"mobile":{"background-color":"var(--ast-global-color-5)","background-image":"","background-repeat":"repeat","background-position":"center center","background-size":"auto","background-attachment":"scroll","background-type":"","background-media":"","overlay-type":"","overlay-color":"","overlay-opacity":"","overlay-gradient":""}}},"product_brand":[],"product_cat":[184],"product_tag":[],"class_list":{"0":"post-20408","1":"product","2":"type-product","3":"status-publish","4":"has-post-thumbnail","6":"product_cat-accesorios","7":"desktop-align-left","8":"tablet-align-left","9":"mobile-align-left","11":"first","12":"instock","13":"shipping-taxable","14":"product-type-simple"},"acf":[],"_links":{"self":[{"href":"https:\/\/www.lcn.eu\/es\/wp-json\/wp\/v2\/product\/20408","targetHints":{"allow":["GET"]}}],"collection":[{"href":"https:\/\/www.lcn.eu\/es\/wp-json\/wp\/v2\/product"}],"about":[{"href":"https:\/\/www.lcn.eu\/es\/wp-json\/wp\/v2\/types\/product"}],"wp:featuredmedia":[{"embeddable":true,"href":"https:\/\/www.lcn.eu\/es\/wp-json\/wp\/v2\/media\/14924"}],"wp:attachment":[{"href":"https:\/\/www.lcn.eu\/es\/wp-json\/wp\/v2\/media?parent=20408"}],"wp:term":[{"taxonomy":"product_brand","embeddable":true,"href":"https:\/\/www.lcn.eu\/es\/wp-json\/wp\/v2\/product_brand?post=20408"},{"taxonomy":"product_cat","embeddable":true,"href":"https:\/\/www.lcn.eu\/es\/wp-json\/wp\/v2\/product_cat?post=20408"},{"taxonomy":"product_tag","embeddable":true,"href":"https:\/\/www.lcn.eu\/es\/wp-json\/wp\/v2\/product_tag?post=20408"}],"curies":[{"name":"wp","href":"https:\/\/api.w.org\/{rel}","templated":true}]}}