{"id":20469,"date":"2023-04-18T16:19:36","date_gmt":"2024-05-16T09:45:53","guid":{"rendered":"https:\/\/www.lcn.eu\/lcn-fuer-installateure\/produkte\/sin categor\u00eda\/lcn-txr\/"},"modified":"2024-05-16T11:45:53","modified_gmt":"2024-05-16T09:45:53","slug":"lcn-txr","status":"publish","type":"product","link":"https:\/\/www.lcn.eu\/es\/lcn-fuer-installateure\/produkte\/entradas\/lcn-txr\/","title":{"rendered":"LCN-TXR"},"content":{"rendered":"<p>El LCN-TXR se acopla al bus KNX para conectar pulsadores KNX. Contiene una fuente de alimentaci\u00f3n KNX y una interfaz USB para la conexi\u00f3n directa del ETS.<\/p>\n<p><strong>Campos de aplicaci\u00f3n:<\/strong><\/p>\n<ul>\n<li>El LCN-TXR puede convertir simult\u00e1neamente hasta dos pulsadores KNX a LCN. No s\u00f3lo es compatible con los propios botones, sino tambi\u00e9n con los LED indicadores, los valores medidos y las pantallas. Como es habitual en LCN, a cada bot\u00f3n individual se le pueden asignar tres comandos. El m\u00f3dulo tiene una conexi\u00f3n I para un m\u00f3dulo de bus LCN, por ejemplo, LCN-UPP, LCN-UPS, etc.<\/li>\n<\/ul>\n<p>Para utilizar el LCN-TXR como adaptador de programaci\u00f3n KNX, es necesario adaptar la configuraci\u00f3n del ETS para que \u00e9ste reconozca el LCN-TXR como interfaz. Aqu\u00ed encontrar\u00e1 el programa de configuraci\u00f3n correspondiente.<\/p>\n<p><a class=\"elementor-button-link elementor-button elementor-size-sm\" href=\"https:\/\/webshop.lcn.eu\/LCN-TXR\/30343\" target=\"_blank\" rel=\"noopener\">A la tienda virtual<\/a><\/p>\n","protected":false},"excerpt":{"rendered":"<p>Adaptador de bot\u00f3n KNX para la caja empotrada<\/p>\n","protected":false},"featured_media":9666,"template":"","meta":{"_acf_changed":false,"site-sidebar-layout":"default","site-content-layout":"default","ast-site-content-layout":"default","site-content-style":"default","site-sidebar-style":"default","ast-global-header-display":"","ast-banner-title-visibility":"","ast-main-header-display":"","ast-hfb-above-header-display":"","ast-hfb-below-header-display":"","ast-hfb-mobile-header-display":"","site-post-title":"","ast-breadcrumbs-content":"","ast-featured-img":"","footer-sml-layout":"","ast-disable-related-posts":"","theme-transparent-header-meta":"default","adv-header-id-meta":"","stick-header-meta":"","header-above-stick-meta":"","header-main-stick-meta":"","header-below-stick-meta":"","astra-migrate-meta-layouts":"default","ast-page-background-enabled":"default","ast-page-background-meta":{"desktop":{"background-color":"var(--ast-global-color-4)","background-image":"","background-repeat":"repeat","background-position":"center center","background-size":"auto","background-attachment":"scroll","background-type":"","background-media":"","overlay-type":"","overlay-color":"","overlay-opacity":"","overlay-gradient":""},"tablet":{"background-color":"","background-image":"","background-repeat":"repeat","background-position":"center center","background-size":"auto","background-attachment":"scroll","background-type":"","background-media":"","overlay-type":"","overlay-color":"","overlay-opacity":"","overlay-gradient":""},"mobile":{"background-color":"","background-image":"","background-repeat":"repeat","background-position":"center center","background-size":"auto","background-attachment":"scroll","background-type":"","background-media":"","overlay-type":"","overlay-color":"","overlay-opacity":"","overlay-gradient":""}},"ast-content-background-meta":{"desktop":{"background-color":"var(--ast-global-color-5)","background-image":"","background-repeat":"repeat","background-position":"center center","background-size":"auto","background-attachment":"scroll","background-type":"","background-media":"","overlay-type":"","overlay-color":"","overlay-opacity":"","overlay-gradient":""},"tablet":{"background-color":"var(--ast-global-color-5)","background-image":"","background-repeat":"repeat","background-position":"center center","background-size":"auto","background-attachment":"scroll","background-type":"","background-media":"","overlay-type":"","overlay-color":"","overlay-opacity":"","overlay-gradient":""},"mobile":{"background-color":"var(--ast-global-color-5)","background-image":"","background-repeat":"repeat","background-position":"center center","background-size":"auto","background-attachment":"scroll","background-type":"","background-media":"","overlay-type":"","overlay-color":"","overlay-opacity":"","overlay-gradient":""}}},"product_brand":[],"product_cat":[191],"product_tag":[188],"class_list":{"0":"post-20469","1":"product","2":"type-product","3":"status-publish","4":"has-post-thumbnail","6":"product_cat-entradas","7":"product_tag-modulo-de-bus","8":"desktop-align-left","9":"tablet-align-left","10":"mobile-align-left","12":"first","13":"instock","14":"shipping-taxable","15":"product-type-simple"},"acf":[],"_links":{"self":[{"href":"https:\/\/www.lcn.eu\/es\/wp-json\/wp\/v2\/product\/20469","targetHints":{"allow":["GET"]}}],"collection":[{"href":"https:\/\/www.lcn.eu\/es\/wp-json\/wp\/v2\/product"}],"about":[{"href":"https:\/\/www.lcn.eu\/es\/wp-json\/wp\/v2\/types\/product"}],"wp:featuredmedia":[{"embeddable":true,"href":"https:\/\/www.lcn.eu\/es\/wp-json\/wp\/v2\/media\/9666"}],"wp:attachment":[{"href":"https:\/\/www.lcn.eu\/es\/wp-json\/wp\/v2\/media?parent=20469"}],"wp:term":[{"taxonomy":"product_brand","embeddable":true,"href":"https:\/\/www.lcn.eu\/es\/wp-json\/wp\/v2\/product_brand?post=20469"},{"taxonomy":"product_cat","embeddable":true,"href":"https:\/\/www.lcn.eu\/es\/wp-json\/wp\/v2\/product_cat?post=20469"},{"taxonomy":"product_tag","embeddable":true,"href":"https:\/\/www.lcn.eu\/es\/wp-json\/wp\/v2\/product_tag?post=20469"}],"curies":[{"name":"wp","href":"https:\/\/api.w.org\/{rel}","templated":true}]}}