{"id":20470,"date":"2023-04-18T16:09:24","date_gmt":"2024-05-16T09:58:50","guid":{"rendered":"https:\/\/www.lcn.eu\/lcn-fuer-installateure\/produkte\/sin categor\u00eda\/lcn-bs4\/"},"modified":"2024-05-16T11:58:50","modified_gmt":"2024-05-16T09:58:50","slug":"lcn-bs4","status":"publish","type":"product","link":"https:\/\/www.lcn.eu\/es\/lcn-fuer-installateure\/produkte\/entradas\/lcn-bs4\/","title":{"rendered":"LCN-BS4"},"content":{"rendered":"<p>El LCN-BS4 es un sensor de corriente binario de 4 canales para el sistema LCN. Las entradas 1 a 4 pueden utilizarse para posicionar los motores de hasta cuatro variadores de velocidad con finales de carrera. Se sigue utilizando para controlar a los consumidores. Puede utilizarse, por ejemplo, para supervisar l\u00e1mparas o bombas en busca de aver\u00edas e informar de ellas para realizar tareas de mantenimiento.<\/p>\n<p>En combinaci\u00f3n con un m\u00f3dulo de rel\u00e9 LCN-R6H, los accionamientos motorizados para ventanas, persianas enrollables, estores o toldos pueden posicionarse con una precisi\u00f3n de hasta el 0,5 %. Se utiliza para controlar la ventilaci\u00f3n, el sombreado y las persianas. El m\u00f3dulo compensa autom\u00e1ticamente las diferencias en los tiempos de funcionamiento de los distintos accionamientos y los signos de envejecimiento.<\/p>\n<p>El LCN-BS4 se conecta a la conexi\u00f3n P de uno de los m\u00f3dulos inteligentes, por ejemplo LCN-HU o LCN-SH, mediante su cable de conexi\u00f3n. El comando LARGO se activa una vez cuando se supera la corriente l\u00edmite y el comando LIBERAR se activa una vez cuando la corriente cae por debajo del l\u00edmite. Un m\u00f3dulo LCN con un sensor binario env\u00eda autom\u00e1ticamente mensajes de estado sin tener que parametrizarse en el m\u00f3dulo LCN.<\/p>\n<p><strong>Campos de aplicaci\u00f3n:<\/strong><\/p>\n<ul>\n<li>Para supervisar accionamientos y consumidores en busca de da\u00f1os o con fines de control.<\/li>\n<\/ul>\n<p>S\u00f3lo se pueden supervisar cargas con una corriente m\u00ednima de 120 mA. Los accionamientos de motor m\u00e1s peque\u00f1os pueden quedar por debajo de este l\u00edmite en un sentido de la marcha. Al posicionar el motor, utilice motores de CA con finales de carrera incorporados.<\/p>\n<p><a class=\"elementor-button-link elementor-button elementor-size-sm\" href=\"https:\/\/webshop.lcn.eu\/LCN-BS4\/30085\" target=\"_blank\" rel=\"noopener\">A la tienda virtual<\/a><\/p>\n","protected":false},"excerpt":{"rendered":"<p>Sensor de corriente cu\u00e1druple binario para montaje en riel DIN<\/p>\n","protected":false},"featured_media":9659,"template":"","meta":{"_acf_changed":false,"site-sidebar-layout":"default","site-content-layout":"default","ast-site-content-layout":"default","site-content-style":"default","site-sidebar-style":"default","ast-global-header-display":"","ast-banner-title-visibility":"","ast-main-header-display":"","ast-hfb-above-header-display":"","ast-hfb-below-header-display":"","ast-hfb-mobile-header-display":"","site-post-title":"","ast-breadcrumbs-content":"","ast-featured-img":"","footer-sml-layout":"","ast-disable-related-posts":"","theme-transparent-header-meta":"default","adv-header-id-meta":"","stick-header-meta":"","header-above-stick-meta":"","header-main-stick-meta":"","header-below-stick-meta":"","astra-migrate-meta-layouts":"default","ast-page-background-enabled":"default","ast-page-background-meta":{"desktop":{"background-color":"var(--ast-global-color-4)","background-image":"","background-repeat":"repeat","background-position":"center center","background-size":"auto","background-attachment":"scroll","background-type":"","background-media":"","overlay-type":"","overlay-color":"","overlay-opacity":"","overlay-gradient":""},"tablet":{"background-color":"","background-image":"","background-repeat":"repeat","background-position":"center center","background-size":"auto","background-attachment":"scroll","background-type":"","background-media":"","overlay-type":"","overlay-color":"","overlay-opacity":"","overlay-gradient":""},"mobile":{"background-color":"","background-image":"","background-repeat":"repeat","background-position":"center center","background-size":"auto","background-attachment":"scroll","background-type":"","background-media":"","overlay-type":"","overlay-color":"","overlay-opacity":"","overlay-gradient":""}},"ast-content-background-meta":{"desktop":{"background-color":"var(--ast-global-color-5)","background-image":"","background-repeat":"repeat","background-position":"center center","background-size":"auto","background-attachment":"scroll","background-type":"","background-media":"","overlay-type":"","overlay-color":"","overlay-opacity":"","overlay-gradient":""},"tablet":{"background-color":"var(--ast-global-color-5)","background-image":"","background-repeat":"repeat","background-position":"center center","background-size":"auto","background-attachment":"scroll","background-type":"","background-media":"","overlay-type":"","overlay-color":"","overlay-opacity":"","overlay-gradient":""},"mobile":{"background-color":"var(--ast-global-color-5)","background-image":"","background-repeat":"repeat","background-position":"center center","background-size":"auto","background-attachment":"scroll","background-type":"","background-media":"","overlay-type":"","overlay-color":"","overlay-opacity":"","overlay-gradient":""}}},"product_brand":[],"product_cat":[191],"product_tag":[188],"class_list":{"0":"post-20470","1":"product","2":"type-product","3":"status-publish","4":"has-post-thumbnail","6":"product_cat-entradas","7":"product_tag-modulo-de-bus","8":"desktop-align-left","9":"tablet-align-left","10":"mobile-align-left","12":"first","13":"instock","14":"shipping-taxable","15":"product-type-simple"},"acf":[],"_links":{"self":[{"href":"https:\/\/www.lcn.eu\/es\/wp-json\/wp\/v2\/product\/20470","targetHints":{"allow":["GET"]}}],"collection":[{"href":"https:\/\/www.lcn.eu\/es\/wp-json\/wp\/v2\/product"}],"about":[{"href":"https:\/\/www.lcn.eu\/es\/wp-json\/wp\/v2\/types\/product"}],"wp:featuredmedia":[{"embeddable":true,"href":"https:\/\/www.lcn.eu\/es\/wp-json\/wp\/v2\/media\/9659"}],"wp:attachment":[{"href":"https:\/\/www.lcn.eu\/es\/wp-json\/wp\/v2\/media?parent=20470"}],"wp:term":[{"taxonomy":"product_brand","embeddable":true,"href":"https:\/\/www.lcn.eu\/es\/wp-json\/wp\/v2\/product_brand?post=20470"},{"taxonomy":"product_cat","embeddable":true,"href":"https:\/\/www.lcn.eu\/es\/wp-json\/wp\/v2\/product_cat?post=20470"},{"taxonomy":"product_tag","embeddable":true,"href":"https:\/\/www.lcn.eu\/es\/wp-json\/wp\/v2\/product_tag?post=20470"}],"curies":[{"name":"wp","href":"https:\/\/api.w.org\/{rel}","templated":true}]}}