{"id":20474,"date":"2023-04-18T15:42:42","date_gmt":"2024-05-21T12:33:30","guid":{"rendered":"https:\/\/www.lcn.eu\/lcn-fuer-installateure\/produkte\/sin categor\u00eda\/lcn-tlk12h\/"},"modified":"2024-05-21T14:33:30","modified_gmt":"2024-05-21T12:33:30","slug":"lcn-tlk12h","status":"publish","type":"product","link":"https:\/\/www.lcn.eu\/es\/lcn-fuer-installateure\/produkte\/entradas\/lcn-tlk12h\/","title":{"rendered":"LCN-TLK12H"},"content":{"rendered":"<p>The LCN-TLK12H is designed for connecting conventional panels with push-buttons and indicator LEDs. Se pueden controlar diodos luminosos de cualquier color con o sin resistencias en serie integradas de hasta un m\u00e1ximo de 1,2 KOhm y 24 V, tambi\u00e9n en cualquier combinaci\u00f3n. Adem\u00e1s, el LCN-TLK12H convierte ocho pulsadores convencionales libres de potencial a la conexi\u00f3n en T de los m\u00f3dulos LCN.<\/p>\n<p>Se pueden controlar hasta doce LED para mostrar cualquier estado del bus. El brillo puede ajustarse en dos niveles. Las salidas est\u00e1n dise\u00f1adas como fuentes de corriente, es decir, cada salida ajusta autom\u00e1ticamente su tensi\u00f3n de salida en funci\u00f3n del LED conectado. Es posible hacer funcionar varios LED en serie en una salida. La suma de todas las tensiones hacia delante debe ser inferior a 24 V. Todas las salidas son a prueba de cortocircuitos. Para el control de los LEDs se admiten los estados OFF, ON, FLASHING y FLASHING. Las salidas trabajan contra la tierra.<\/p>\n<p>Todos los LEDs conectados se conectan con el c\u00e1todo al terminal de conexi\u00f3n com\u00fan del LCN-TLK12H. Las salidas est\u00e1n dise\u00f1adas como fuentes de corriente con una corriente de salida conmutable de 1,8 o 15 mA. Los conocidos comandos CORTO, LARGO y P\u00c9RDIDA est\u00e1n disponibles en cada bot\u00f3n. El LCN-TLK12H sirve como dispositivo de sustituci\u00f3n para el LCN-DI12 y est\u00e1 pensado para su uso con el m\u00f3dulo LCN-SH, LCN-HU o LCN-SHS. El LCN-TLK12H puede utilizarse con m\u00f3dulos LCN a partir del firmware 10060 (junio\/2006).<\/p>\n<p><strong>Campos de aplicaci\u00f3n:<\/strong><\/p>\n<ul>\n<li>Para conectar paneles de control convencionales con pulsadores y LED indicadores al bus LCN.<\/li>\n<\/ul>\n<p>No apto para contactos permanentes. En la posici\u00f3n para LEDs de 24 V, el LCN-TLK12H se da\u00f1ar\u00e1 si los LEDs se conectan sin una resistencia en serie.<\/p>\n<p><a class=\"elementor-button-link elementor-button elementor-size-sm\" href=\"https:\/\/webshop.lcn.eu\/LCN-TLK12H\/30239\" target=\"_blank\" rel=\"noopener\">A la tienda virtual<\/a><\/p>\n","protected":false},"excerpt":{"rendered":"<p>Adaptador de panel para ocho pulsadores y doce LED con c\u00e1todo com\u00fan para el riel DIN<\/p>\n","protected":false},"featured_media":9606,"template":"","meta":{"_acf_changed":false,"site-sidebar-layout":"default","site-content-layout":"default","ast-site-content-layout":"default","site-content-style":"default","site-sidebar-style":"default","ast-global-header-display":"","ast-banner-title-visibility":"","ast-main-header-display":"","ast-hfb-above-header-display":"","ast-hfb-below-header-display":"","ast-hfb-mobile-header-display":"","site-post-title":"","ast-breadcrumbs-content":"","ast-featured-img":"","footer-sml-layout":"","ast-disable-related-posts":"","theme-transparent-header-meta":"default","adv-header-id-meta":"","stick-header-meta":"","header-above-stick-meta":"","header-main-stick-meta":"","header-below-stick-meta":"","astra-migrate-meta-layouts":"default","ast-page-background-enabled":"default","ast-page-background-meta":{"desktop":{"background-color":"var(--ast-global-color-4)","background-image":"","background-repeat":"repeat","background-position":"center center","background-size":"auto","background-attachment":"scroll","background-type":"","background-media":"","overlay-type":"","overlay-color":"","overlay-opacity":"","overlay-gradient":""},"tablet":{"background-color":"","background-image":"","background-repeat":"repeat","background-position":"center center","background-size":"auto","background-attachment":"scroll","background-type":"","background-media":"","overlay-type":"","overlay-color":"","overlay-opacity":"","overlay-gradient":""},"mobile":{"background-color":"","background-image":"","background-repeat":"repeat","background-position":"center center","background-size":"auto","background-attachment":"scroll","background-type":"","background-media":"","overlay-type":"","overlay-color":"","overlay-opacity":"","overlay-gradient":""}},"ast-content-background-meta":{"desktop":{"background-color":"var(--ast-global-color-5)","background-image":"","background-repeat":"repeat","background-position":"center center","background-size":"auto","background-attachment":"scroll","background-type":"","background-media":"","overlay-type":"","overlay-color":"","overlay-opacity":"","overlay-gradient":""},"tablet":{"background-color":"var(--ast-global-color-5)","background-image":"","background-repeat":"repeat","background-position":"center center","background-size":"auto","background-attachment":"scroll","background-type":"","background-media":"","overlay-type":"","overlay-color":"","overlay-opacity":"","overlay-gradient":""},"mobile":{"background-color":"var(--ast-global-color-5)","background-image":"","background-repeat":"repeat","background-position":"center center","background-size":"auto","background-attachment":"scroll","background-type":"","background-media":"","overlay-type":"","overlay-color":"","overlay-opacity":"","overlay-gradient":""}}},"product_brand":[],"product_cat":[191],"product_tag":[188],"class_list":{"0":"post-20474","1":"product","2":"type-product","3":"status-publish","4":"has-post-thumbnail","6":"product_cat-entradas","7":"product_tag-modulo-de-bus","8":"desktop-align-left","9":"tablet-align-left","10":"mobile-align-left","12":"first","13":"instock","14":"shipping-taxable","15":"product-type-simple"},"acf":[],"_links":{"self":[{"href":"https:\/\/www.lcn.eu\/es\/wp-json\/wp\/v2\/product\/20474","targetHints":{"allow":["GET"]}}],"collection":[{"href":"https:\/\/www.lcn.eu\/es\/wp-json\/wp\/v2\/product"}],"about":[{"href":"https:\/\/www.lcn.eu\/es\/wp-json\/wp\/v2\/types\/product"}],"wp:featuredmedia":[{"embeddable":true,"href":"https:\/\/www.lcn.eu\/es\/wp-json\/wp\/v2\/media\/9606"}],"wp:attachment":[{"href":"https:\/\/www.lcn.eu\/es\/wp-json\/wp\/v2\/media?parent=20474"}],"wp:term":[{"taxonomy":"product_brand","embeddable":true,"href":"https:\/\/www.lcn.eu\/es\/wp-json\/wp\/v2\/product_brand?post=20474"},{"taxonomy":"product_cat","embeddable":true,"href":"https:\/\/www.lcn.eu\/es\/wp-json\/wp\/v2\/product_cat?post=20474"},{"taxonomy":"product_tag","embeddable":true,"href":"https:\/\/www.lcn.eu\/es\/wp-json\/wp\/v2\/product_tag?post=20474"}],"curies":[{"name":"wp","href":"https:\/\/api.w.org\/{rel}","templated":true}]}}