{"id":20476,"date":"2023-04-18T15:14:18","date_gmt":"2024-05-21T12:59:43","guid":{"rendered":"https:\/\/www.lcn.eu\/lcn-fuer-installateure\/produkte\/sin%20categor\u00eda\/lcn-tl12r\/"},"modified":"2024-05-21T15:03:24","modified_gmt":"2024-05-21T13:03:24","slug":"lcn-tl12r","status":"publish","type":"product","link":"https:\/\/www.lcn.eu\/es\/lcn-fuer-installateure\/produkte\/entradas\/lcn-tl12r\/","title":{"rendered":"LCN-TL12R"},"content":{"rendered":"<p>El LCN-TL12R se puede utilizar para conectar pulsadores EIB sin potencial, como los pulsadores Jung de las series 2224 y 2248 o el cu\u00e1druple sensor de cristal Berker TS. Tambi\u00e9n convierte ocho pulsadores libres de potencial cualesquiera en la conexi\u00f3n en T de los m\u00f3dulos LCN. Controla doce LEDs cualesquiera con o sin resistencias en serie. Para el control de los LEDs se admiten los estados ENCENDIDO, APAGADO, PARPADEANTE e INTERMITENTE. Los conocidos comandos CORTO, LARGO y LIBERAR est\u00e1n disponibles en cada bot\u00f3n. Las salidas son fuentes de corriente con una corriente de salida conmutable de 2 \u00f3 10 mA para controlar los LED.<\/p>\n<p>Est\u00e1 pensado para su uso con los m\u00f3dulos LCN-UPP, LCN-UPS o LCN-UP24, pero tambi\u00e9n puede utilizarse con los m\u00f3dulos LCN-HU, LCN-SH o LCN-SHS. El n\u00famero de serie permitido es 10&#8230; a partir de junio\/2006.<\/p>\n<p><strong>Campos de aplicaci\u00f3n:<\/strong><\/p>\n<ul>\n<li>Para conectar pulsadores EIB sin potencial, como los pulsadores Jung de las series 2224 y 2248 o el cu\u00e1druple sensor de cristal Berker TS.<\/li>\n<li>Control de paneles convencionales con hasta 12 LED.<\/li>\n<\/ul>\n<p><a class=\"elementor-button-link elementor-button elementor-size-sm\" href=\"https:\/\/webshop.lcn.eu\/LCN-TL12R\/30130\" target=\"_blank\" rel=\"noopener\">A la tienda virtual<\/a><\/p>\n","protected":false},"excerpt":{"rendered":"<p>Adaptador de panel con ocho entradas de bot\u00f3n y doce salidas de LED con c\u00e1todo com\u00fan<\/p>\n","protected":false},"featured_media":9563,"template":"","meta":{"_acf_changed":false,"site-sidebar-layout":"default","site-content-layout":"default","ast-site-content-layout":"default","site-content-style":"default","site-sidebar-style":"default","ast-global-header-display":"","ast-banner-title-visibility":"","ast-main-header-display":"","ast-hfb-above-header-display":"","ast-hfb-below-header-display":"","ast-hfb-mobile-header-display":"","site-post-title":"","ast-breadcrumbs-content":"","ast-featured-img":"","footer-sml-layout":"","ast-disable-related-posts":"","theme-transparent-header-meta":"default","adv-header-id-meta":"","stick-header-meta":"","header-above-stick-meta":"","header-main-stick-meta":"","header-below-stick-meta":"","astra-migrate-meta-layouts":"default","ast-page-background-enabled":"default","ast-page-background-meta":{"desktop":{"background-color":"var(--ast-global-color-4)","background-image":"","background-repeat":"repeat","background-position":"center center","background-size":"auto","background-attachment":"scroll","background-type":"","background-media":"","overlay-type":"","overlay-color":"","overlay-opacity":"","overlay-gradient":""},"tablet":{"background-color":"","background-image":"","background-repeat":"repeat","background-position":"center center","background-size":"auto","background-attachment":"scroll","background-type":"","background-media":"","overlay-type":"","overlay-color":"","overlay-opacity":"","overlay-gradient":""},"mobile":{"background-color":"","background-image":"","background-repeat":"repeat","background-position":"center center","background-size":"auto","background-attachment":"scroll","background-type":"","background-media":"","overlay-type":"","overlay-color":"","overlay-opacity":"","overlay-gradient":""}},"ast-content-background-meta":{"desktop":{"background-color":"var(--ast-global-color-5)","background-image":"","background-repeat":"repeat","background-position":"center center","background-size":"auto","background-attachment":"scroll","background-type":"","background-media":"","overlay-type":"","overlay-color":"","overlay-opacity":"","overlay-gradient":""},"tablet":{"background-color":"var(--ast-global-color-5)","background-image":"","background-repeat":"repeat","background-position":"center center","background-size":"auto","background-attachment":"scroll","background-type":"","background-media":"","overlay-type":"","overlay-color":"","overlay-opacity":"","overlay-gradient":""},"mobile":{"background-color":"var(--ast-global-color-5)","background-image":"","background-repeat":"repeat","background-position":"center center","background-size":"auto","background-attachment":"scroll","background-type":"","background-media":"","overlay-type":"","overlay-color":"","overlay-opacity":"","overlay-gradient":""}}},"product_brand":[],"product_cat":[191],"product_tag":[188],"class_list":{"0":"post-20476","1":"product","2":"type-product","3":"status-publish","4":"has-post-thumbnail","6":"product_cat-entradas","7":"product_tag-modulo-de-bus","8":"desktop-align-left","9":"tablet-align-left","10":"mobile-align-left","12":"first","13":"instock","14":"shipping-taxable","15":"product-type-simple"},"acf":[],"_links":{"self":[{"href":"https:\/\/www.lcn.eu\/es\/wp-json\/wp\/v2\/product\/20476","targetHints":{"allow":["GET"]}}],"collection":[{"href":"https:\/\/www.lcn.eu\/es\/wp-json\/wp\/v2\/product"}],"about":[{"href":"https:\/\/www.lcn.eu\/es\/wp-json\/wp\/v2\/types\/product"}],"wp:featuredmedia":[{"embeddable":true,"href":"https:\/\/www.lcn.eu\/es\/wp-json\/wp\/v2\/media\/9563"}],"wp:attachment":[{"href":"https:\/\/www.lcn.eu\/es\/wp-json\/wp\/v2\/media?parent=20476"}],"wp:term":[{"taxonomy":"product_brand","embeddable":true,"href":"https:\/\/www.lcn.eu\/es\/wp-json\/wp\/v2\/product_brand?post=20476"},{"taxonomy":"product_cat","embeddable":true,"href":"https:\/\/www.lcn.eu\/es\/wp-json\/wp\/v2\/product_cat?post=20476"},{"taxonomy":"product_tag","embeddable":true,"href":"https:\/\/www.lcn.eu\/es\/wp-json\/wp\/v2\/product_tag?post=20476"}],"curies":[{"name":"wp","href":"https:\/\/api.w.org\/{rel}","templated":true}]}}