{"id":20481,"date":"2023-04-14T14:46:15","date_gmt":"2024-05-21T14:11:15","guid":{"rendered":"https:\/\/www.lcn.eu\/lcn-fuer-installateure\/produkte\/sin categor\u00eda\/lcn-tu4c\/"},"modified":"2024-05-21T16:11:15","modified_gmt":"2024-05-21T14:11:15","slug":"lcn-tu4c","status":"publish","type":"product","link":"https:\/\/www.lcn.eu\/es\/lcn-fuer-installateure\/produkte\/entradas\/lcn-tu4c\/","title":{"rendered":"LCN-TU4C"},"content":{"rendered":"<section class=\"av_textblock_section \">\n<div class=\"avia_textblock \">\n<p>El sensor de bot\u00f3n capacitivo LCN-TU4C abre posibilidades completamente nuevas para realizar botones invisibles. Permite escanear capacitivamente hasta cuatro superficies del sensor. Cada uno de los cuatro botones consta de una superficie que puede pegarse detr\u00e1s de madera, piedra natural o baldosas. Los botones sensoriales se accionan simplemente tocando la superficie.<\/p>\n<p>El LCN-TU4C convierte los sensores capacitivos a la conexi\u00f3n I de los m\u00f3dulos LCN. Las superficies de los sensores son autoadhesivas y pueden fijarse a cualquier material no conductor de la electricidad. Esto abre nuevas v\u00edas para dise\u00f1ar elegantes revestimientos murales y amueblar muebles o cocinas. Si, por ejemplo, un armario oculta un panel de interruptores, ahora basta con pegar la superficie t\u00e1ctil en el armario.<\/p>\n<p>El LCN-TU4C est\u00e1 dise\u00f1ado para su uso con los m\u00f3dulos LCN-UPP, LCN-UPS o LCN-UP24, pero tambi\u00e9n puede utilizarse con los m\u00f3dulos LCN-HU, LCN-SH o LCN-SHS. Por supuesto, todas las funciones LCN est\u00e1n disponibles con tres comandos para cada bot\u00f3n CORTO, LARGO y LIBERAR.<\/p>\n<p><strong>Campos de aplicaci\u00f3n:<\/strong><\/p>\n<ul>\n<li>Para integrar cuatro botones de sensor capacitivo en el bus LCN.<\/li>\n<\/ul>\n<p>La velocidad de accionamiento influye en la detecci\u00f3n: detr\u00e1s de materiales muy gruesos o muy amortiguadores, como la madera no completamente seca, se consigue la m\u00e1xima sensibilidad pulsando el bot\u00f3n r\u00e1pidamente.<\/p>\n<p><a class=\"elementor-button-link elementor-button elementor-size-sm\" href=\"https:\/\/webshop.lcn.eu\/LCN-TU4C\/30039\" target=\"_blank\" rel=\"noopener\">A la tienda virtual<\/a><\/p>\n<\/div>\n<\/section>\n","protected":false},"excerpt":{"rendered":"<p>Sensor capacitivo de bot\u00f3n cu\u00e1druple con cuatro superficies sensoras<\/p>\n","protected":false},"featured_media":9417,"template":"","meta":{"_acf_changed":false,"site-sidebar-layout":"default","site-content-layout":"default","ast-site-content-layout":"default","site-content-style":"default","site-sidebar-style":"default","ast-global-header-display":"","ast-banner-title-visibility":"","ast-main-header-display":"","ast-hfb-above-header-display":"","ast-hfb-below-header-display":"","ast-hfb-mobile-header-display":"","site-post-title":"","ast-breadcrumbs-content":"","ast-featured-img":"","footer-sml-layout":"","ast-disable-related-posts":"","theme-transparent-header-meta":"default","adv-header-id-meta":"","stick-header-meta":"","header-above-stick-meta":"","header-main-stick-meta":"","header-below-stick-meta":"","astra-migrate-meta-layouts":"default","ast-page-background-enabled":"default","ast-page-background-meta":{"desktop":{"background-color":"var(--ast-global-color-4)","background-image":"","background-repeat":"repeat","background-position":"center center","background-size":"auto","background-attachment":"scroll","background-type":"","background-media":"","overlay-type":"","overlay-color":"","overlay-opacity":"","overlay-gradient":""},"tablet":{"background-color":"","background-image":"","background-repeat":"repeat","background-position":"center center","background-size":"auto","background-attachment":"scroll","background-type":"","background-media":"","overlay-type":"","overlay-color":"","overlay-opacity":"","overlay-gradient":""},"mobile":{"background-color":"","background-image":"","background-repeat":"repeat","background-position":"center center","background-size":"auto","background-attachment":"scroll","background-type":"","background-media":"","overlay-type":"","overlay-color":"","overlay-opacity":"","overlay-gradient":""}},"ast-content-background-meta":{"desktop":{"background-color":"var(--ast-global-color-5)","background-image":"","background-repeat":"repeat","background-position":"center center","background-size":"auto","background-attachment":"scroll","background-type":"","background-media":"","overlay-type":"","overlay-color":"","overlay-opacity":"","overlay-gradient":""},"tablet":{"background-color":"var(--ast-global-color-5)","background-image":"","background-repeat":"repeat","background-position":"center center","background-size":"auto","background-attachment":"scroll","background-type":"","background-media":"","overlay-type":"","overlay-color":"","overlay-opacity":"","overlay-gradient":""},"mobile":{"background-color":"var(--ast-global-color-5)","background-image":"","background-repeat":"repeat","background-position":"center center","background-size":"auto","background-attachment":"scroll","background-type":"","background-media":"","overlay-type":"","overlay-color":"","overlay-opacity":"","overlay-gradient":""}}},"product_brand":[],"product_cat":[191],"product_tag":[188],"class_list":{"0":"post-20481","1":"product","2":"type-product","3":"status-publish","4":"has-post-thumbnail","6":"product_cat-entradas","7":"product_tag-modulo-de-bus","8":"desktop-align-left","9":"tablet-align-left","10":"mobile-align-left","12":"first","13":"instock","14":"shipping-taxable","15":"product-type-simple"},"acf":[],"_links":{"self":[{"href":"https:\/\/www.lcn.eu\/es\/wp-json\/wp\/v2\/product\/20481","targetHints":{"allow":["GET"]}}],"collection":[{"href":"https:\/\/www.lcn.eu\/es\/wp-json\/wp\/v2\/product"}],"about":[{"href":"https:\/\/www.lcn.eu\/es\/wp-json\/wp\/v2\/types\/product"}],"wp:featuredmedia":[{"embeddable":true,"href":"https:\/\/www.lcn.eu\/es\/wp-json\/wp\/v2\/media\/9417"}],"wp:attachment":[{"href":"https:\/\/www.lcn.eu\/es\/wp-json\/wp\/v2\/media?parent=20481"}],"wp:term":[{"taxonomy":"product_brand","embeddable":true,"href":"https:\/\/www.lcn.eu\/es\/wp-json\/wp\/v2\/product_brand?post=20481"},{"taxonomy":"product_cat","embeddable":true,"href":"https:\/\/www.lcn.eu\/es\/wp-json\/wp\/v2\/product_cat?post=20481"},{"taxonomy":"product_tag","embeddable":true,"href":"https:\/\/www.lcn.eu\/es\/wp-json\/wp\/v2\/product_tag?post=20481"}],"curies":[{"name":"wp","href":"https:\/\/api.w.org\/{rel}","templated":true}]}}