{"id":20491,"date":"2023-04-14T13:50:14","date_gmt":"2024-05-22T12:41:22","guid":{"rendered":"https:\/\/www.lcn.eu\/lcn-fuer-installateure\/produkte\/sin categor\u00eda\/lcn-bt4h\/"},"modified":"2024-05-22T14:41:22","modified_gmt":"2024-05-22T12:41:22","slug":"lcn-bt4h","status":"publish","type":"product","link":"https:\/\/www.lcn.eu\/es\/lcn-fuer-installateure\/produkte\/entradas\/lcn-bt4h\/","title":{"rendered":"LCN-BT4H"},"content":{"rendered":"<div class=\"template-page content av-content-full alpha units\">\n<div class=\"post-entry post-entry-type-page post-entry-2743\">\n<div class=\"entry-content-wrapper clearfix\">\n<div class=\"flex_column av_two_third flex_column_div av-zero-column-padding first avia-builder-el-3 el_after_av_hr el_before_av_one_third \">\n<section class=\"av_textblock_section \">\n<div class=\"avia_textblock \">\n<p>El LCN-BT4H puede utilizarse opcionalmente como sensor binario cu\u00e1druple o como convertidor de pulsador para tensi\u00f3n de red con 230 V~. La conexi\u00f3n se realiza a trav\u00e9s de la conexi\u00f3n I de cualquier m\u00f3dulo de bus LCN del firmware 17 a partir de 2013. Las cuatro entradas de la LCN-BT4H eval\u00faan se\u00f1ales de cualquier posici\u00f3n de fase frente a N. Las entradas est\u00e1n aisladas galv\u00e1nicamente de la conexi\u00f3n I. Los comandos CORTO, LARGO y LIBERAR de la tabla A se activan como convertidores de teclas, mientras que los comandos LARGO y LIBERAR de la tabla B del LCN-PRO se activan como sensores binarios. El LCN-BT4H puede conmutarse mediante un interruptor DIP para que funcione como convertidor de claves o como sensor binario<\/p>\n<p><strong>Campos de aplicaci\u00f3n:<\/strong><\/p>\n<ul>\n<li>En la funci\u00f3n como convertidor de botones, se pueden analizar los botones convencionales. Como sensor binario, se pueden analizar, por ejemplo, los temporizadores u otros contactos permanentes.<\/li>\n<\/ul>\n<p>El cable plano es un cable de se\u00f1alizaci\u00f3n. Debe tenderse por separado de los cables de red y no debe conectarse a mazos de cables de 230 V.<\/p>\n<p><a class=\"elementor-button-link elementor-button elementor-size-sm\" href=\"https:\/\/webshop.lcn.eu\/LCN-BT4H\/30055\" target=\"_blank\" rel=\"noopener\">A la tienda virtual<\/a><\/p>\n<\/div>\n<\/section>\n<\/div>\n<\/div>\n<\/div>\n<\/div>\n","protected":false},"excerpt":{"rendered":"<p>Pulsador cu\u00e1druple\/sensor binario para el riel del sombrero de copa<\/p>\n","protected":false},"featured_media":9401,"template":"","meta":{"_acf_changed":false,"site-sidebar-layout":"default","site-content-layout":"default","ast-site-content-layout":"default","site-content-style":"default","site-sidebar-style":"default","ast-global-header-display":"","ast-banner-title-visibility":"","ast-main-header-display":"","ast-hfb-above-header-display":"","ast-hfb-below-header-display":"","ast-hfb-mobile-header-display":"","site-post-title":"","ast-breadcrumbs-content":"","ast-featured-img":"","footer-sml-layout":"","ast-disable-related-posts":"","theme-transparent-header-meta":"default","adv-header-id-meta":"","stick-header-meta":"","header-above-stick-meta":"","header-main-stick-meta":"","header-below-stick-meta":"","astra-migrate-meta-layouts":"default","ast-page-background-enabled":"default","ast-page-background-meta":{"desktop":{"background-color":"var(--ast-global-color-4)","background-image":"","background-repeat":"repeat","background-position":"center center","background-size":"auto","background-attachment":"scroll","background-type":"","background-media":"","overlay-type":"","overlay-color":"","overlay-opacity":"","overlay-gradient":""},"tablet":{"background-color":"","background-image":"","background-repeat":"repeat","background-position":"center center","background-size":"auto","background-attachment":"scroll","background-type":"","background-media":"","overlay-type":"","overlay-color":"","overlay-opacity":"","overlay-gradient":""},"mobile":{"background-color":"","background-image":"","background-repeat":"repeat","background-position":"center center","background-size":"auto","background-attachment":"scroll","background-type":"","background-media":"","overlay-type":"","overlay-color":"","overlay-opacity":"","overlay-gradient":""}},"ast-content-background-meta":{"desktop":{"background-color":"var(--ast-global-color-5)","background-image":"","background-repeat":"repeat","background-position":"center center","background-size":"auto","background-attachment":"scroll","background-type":"","background-media":"","overlay-type":"","overlay-color":"","overlay-opacity":"","overlay-gradient":""},"tablet":{"background-color":"var(--ast-global-color-5)","background-image":"","background-repeat":"repeat","background-position":"center center","background-size":"auto","background-attachment":"scroll","background-type":"","background-media":"","overlay-type":"","overlay-color":"","overlay-opacity":"","overlay-gradient":""},"mobile":{"background-color":"var(--ast-global-color-5)","background-image":"","background-repeat":"repeat","background-position":"center center","background-size":"auto","background-attachment":"scroll","background-type":"","background-media":"","overlay-type":"","overlay-color":"","overlay-opacity":"","overlay-gradient":""}}},"product_brand":[],"product_cat":[191],"product_tag":[188],"class_list":{"0":"post-20491","1":"product","2":"type-product","3":"status-publish","4":"has-post-thumbnail","6":"product_cat-entradas","7":"product_tag-modulo-de-bus","8":"desktop-align-left","9":"tablet-align-left","10":"mobile-align-left","12":"first","13":"instock","14":"shipping-taxable","15":"product-type-simple"},"acf":[],"_links":{"self":[{"href":"https:\/\/www.lcn.eu\/es\/wp-json\/wp\/v2\/product\/20491","targetHints":{"allow":["GET"]}}],"collection":[{"href":"https:\/\/www.lcn.eu\/es\/wp-json\/wp\/v2\/product"}],"about":[{"href":"https:\/\/www.lcn.eu\/es\/wp-json\/wp\/v2\/types\/product"}],"wp:featuredmedia":[{"embeddable":true,"href":"https:\/\/www.lcn.eu\/es\/wp-json\/wp\/v2\/media\/9401"}],"wp:attachment":[{"href":"https:\/\/www.lcn.eu\/es\/wp-json\/wp\/v2\/media?parent=20491"}],"wp:term":[{"taxonomy":"product_brand","embeddable":true,"href":"https:\/\/www.lcn.eu\/es\/wp-json\/wp\/v2\/product_brand?post=20491"},{"taxonomy":"product_cat","embeddable":true,"href":"https:\/\/www.lcn.eu\/es\/wp-json\/wp\/v2\/product_cat?post=20491"},{"taxonomy":"product_tag","embeddable":true,"href":"https:\/\/www.lcn.eu\/es\/wp-json\/wp\/v2\/product_tag?post=20491"}],"curies":[{"name":"wp","href":"https:\/\/api.w.org\/{rel}","templated":true}]}}