{"id":20505,"date":"2023-04-13T15:35:56","date_gmt":"2024-05-23T13:59:32","guid":{"rendered":"https:\/\/www.lcn.eu\/lcn-fuer-installateure\/produkte\/sin categor\u00eda\/lcn-shd\/"},"modified":"2024-05-23T15:59:32","modified_gmt":"2024-05-23T13:59:32","slug":"lcn-shd","status":"publish","type":"product","link":"https:\/\/www.lcn.eu\/es\/lcn-fuer-installateure\/produkte\/modulos-de-bus\/lcn-shd\/","title":{"rendered":"LCN-SHD"},"content":{"rendered":"<section class=\"av_textblock_section \">\n<div class=\"avia_textblock \">\n<p>El LCN-SHD es un m\u00f3dulo de control para aparatos de servicio DALI. El LCN-SHD controla y regula el clima, la luz y mucho m\u00e1s como un completo controlador de estancias. Pueden manejarse cuatro grupos DALI con funcionalidad LCN completa, como 100 escenas luminosas, rampas y funciones de tiempo. Todos los dem\u00e1s balastos del bus DALI pueden direccionarse directamente, ya que los telegramas DALI se transmiten a trav\u00e9s del bus LCN. Esto significa que los comandos directos DALI tambi\u00e9n pueden asignarse a botones LCN. El LCN-SHD tambi\u00e9n tiene una salida de 0-10 V que puede utilizarse, por ejemplo, para la climatizaci\u00f3n. Para aplicaciones 0-10 V puras, la salida DALI tambi\u00e9n puede conmutarse a 0-10 V, de modo que se dispone de dos salidas de este tipo.<\/p>\n<p>El LCN-SHD es compatible con DALI tipo 8 para luminarias RGBW y luminarias con temperatura de color variable. Los grupos DALI pueden parametrizarse correspondientemente en el LCN-PRO a partir de la versi\u00f3n 6.6.6.<\/p>\n<\/div>\n<\/section>\n<p><strong>Campos de aplicaci\u00f3n:<\/strong><\/p>\n<p>El m\u00f3dulo LCN-SHD se utiliza en salas secas en subdistribuidores. Ocupa 2 TE. El LCN-SHD s\u00f3lo admite la parametrizaci\u00f3n DALI inicial en modo simple. Si hay varios ECG en la l\u00ednea de bus, utilice un dispositivo de programaci\u00f3n adecuado.<\/p>\n<p>&nbsp;<\/p>\n<p><a class=\"elementor-button-link elementor-button elementor-size-sm\" href=\"https:\/\/webshop.lcn.eu\/LCN-SHD\/30307\" target=\"_blank\" rel=\"noopener\">A la tienda virtual<\/a><\/p>\n","protected":false},"excerpt":{"rendered":"<p>Unidad de control DALI y controlador de sala LCN<\/p>\n","protected":false},"featured_media":9350,"template":"","meta":{"_acf_changed":false,"site-sidebar-layout":"default","site-content-layout":"default","ast-site-content-layout":"default","site-content-style":"default","site-sidebar-style":"default","ast-global-header-display":"","ast-banner-title-visibility":"","ast-main-header-display":"","ast-hfb-above-header-display":"","ast-hfb-below-header-display":"","ast-hfb-mobile-header-display":"","site-post-title":"","ast-breadcrumbs-content":"","ast-featured-img":"","footer-sml-layout":"","ast-disable-related-posts":"","theme-transparent-header-meta":"default","adv-header-id-meta":"","stick-header-meta":"","header-above-stick-meta":"","header-main-stick-meta":"","header-below-stick-meta":"","astra-migrate-meta-layouts":"default","ast-page-background-enabled":"default","ast-page-background-meta":{"desktop":{"background-color":"var(--ast-global-color-4)","background-image":"","background-repeat":"repeat","background-position":"center center","background-size":"auto","background-attachment":"scroll","background-type":"","background-media":"","overlay-type":"","overlay-color":"","overlay-opacity":"","overlay-gradient":""},"tablet":{"background-color":"","background-image":"","background-repeat":"repeat","background-position":"center center","background-size":"auto","background-attachment":"scroll","background-type":"","background-media":"","overlay-type":"","overlay-color":"","overlay-opacity":"","overlay-gradient":""},"mobile":{"background-color":"","background-image":"","background-repeat":"repeat","background-position":"center center","background-size":"auto","background-attachment":"scroll","background-type":"","background-media":"","overlay-type":"","overlay-color":"","overlay-opacity":"","overlay-gradient":""}},"ast-content-background-meta":{"desktop":{"background-color":"var(--ast-global-color-5)","background-image":"","background-repeat":"repeat","background-position":"center center","background-size":"auto","background-attachment":"scroll","background-type":"","background-media":"","overlay-type":"","overlay-color":"","overlay-opacity":"","overlay-gradient":""},"tablet":{"background-color":"var(--ast-global-color-5)","background-image":"","background-repeat":"repeat","background-position":"center center","background-size":"auto","background-attachment":"scroll","background-type":"","background-media":"","overlay-type":"","overlay-color":"","overlay-opacity":"","overlay-gradient":""},"mobile":{"background-color":"var(--ast-global-color-5)","background-image":"","background-repeat":"repeat","background-position":"center center","background-size":"auto","background-attachment":"scroll","background-type":"","background-media":"","overlay-type":"","overlay-color":"","overlay-opacity":"","overlay-gradient":""}}},"product_brand":[],"product_cat":[192],"product_tag":[188],"class_list":{"0":"post-20505","1":"product","2":"type-product","3":"status-publish","4":"has-post-thumbnail","6":"product_cat-modulos-de-bus","7":"product_tag-modulo-de-bus","8":"desktop-align-left","9":"tablet-align-left","10":"mobile-align-left","12":"first","13":"instock","14":"shipping-taxable","15":"product-type-simple"},"acf":[],"_links":{"self":[{"href":"https:\/\/www.lcn.eu\/es\/wp-json\/wp\/v2\/product\/20505","targetHints":{"allow":["GET"]}}],"collection":[{"href":"https:\/\/www.lcn.eu\/es\/wp-json\/wp\/v2\/product"}],"about":[{"href":"https:\/\/www.lcn.eu\/es\/wp-json\/wp\/v2\/types\/product"}],"wp:featuredmedia":[{"embeddable":true,"href":"https:\/\/www.lcn.eu\/es\/wp-json\/wp\/v2\/media\/9350"}],"wp:attachment":[{"href":"https:\/\/www.lcn.eu\/es\/wp-json\/wp\/v2\/media?parent=20505"}],"wp:term":[{"taxonomy":"product_brand","embeddable":true,"href":"https:\/\/www.lcn.eu\/es\/wp-json\/wp\/v2\/product_brand?post=20505"},{"taxonomy":"product_cat","embeddable":true,"href":"https:\/\/www.lcn.eu\/es\/wp-json\/wp\/v2\/product_cat?post=20505"},{"taxonomy":"product_tag","embeddable":true,"href":"https:\/\/www.lcn.eu\/es\/wp-json\/wp\/v2\/product_tag?post=20505"}],"curies":[{"name":"wp","href":"https:\/\/api.w.org\/{rel}","templated":true}]}}