{"id":20512,"date":"2023-04-12T13:48:03","date_gmt":"2024-05-24T07:52:32","guid":{"rendered":"https:\/\/www.lcn.eu\/lcn-fuer-installateure\/produkte\/sin categor\u00eda\/lcn-gt12-gts12\/"},"modified":"2024-05-24T09:52:32","modified_gmt":"2024-05-24T07:52:32","slug":"lcn-gt12-gts12","status":"publish","type":"product","link":"https:\/\/www.lcn.eu\/es\/lcn-fuer-installateure\/produkte\/pulsador\/lcn-gt12-gts12\/","title":{"rendered":"LCN-GT12\/-GTS12"},"content":{"rendered":"<div class=\"template-page content av-content-full alpha units\">\n<div class=\"post-entry post-entry-type-page post-entry-3309\">\n<div class=\"entry-content-wrapper clearfix\">\n<div class=\"flex_column av_two_third flex_column_div av-zero-column-padding first avia-builder-el-3 el_after_av_hr el_before_av_one_third \">\n<section class=\"av_textblock_section \">\n<div class=\"avia_textblock \">\n<p>El LCN-GT12 es un teclado de cristal con pantalla de gr\u00e1fico de barras. Se monta en dos cajas empotradas (recomendado) o en una caja doble empotrada utilizando la placa de montaje suministrada. La conexi\u00f3n se realiza a trav\u00e9s de la conexi\u00f3n en T de cualquier m\u00f3dulo LCN a partir de la versi\u00f3n 1706. El teclado sensor LCN-GT12 lleva integrado un sensor de temperatura. Gracias a una resoluci\u00f3n de 0,1 \u00b0C y a la promediaci\u00f3n adaptativa, proporciona valores medidos pr\u00e1cticamente sin ruido.<\/p>\n<p>Las doce superficies de los sensores capacitivos est\u00e1n dispuestas detr\u00e1s de un frontal de cristal de 4 o 3 mm de grosor. Basta con tocar ligeramente la superficie para activar varias funciones. Un LED de estado integrado en cada una de las doce superficies de sensores proporciona informaci\u00f3n sobre el estado actual de cualquier actuador o sensor del edificio. Son posibles cuatro estados. Un anillo de luz Corona\u00ae con doce LED blancos se utiliza para la iluminaci\u00f3n decorativa de paredes (requiere LCN-NUI) y como discreta luz de orientaci\u00f3n, de modo que el LCN-GT12 puede funcionar c\u00f3modamente incluso con poca luz ambiental. La retroiluminaci\u00f3n de los botones (opcional, con LCN-NUI) permite manejar c\u00f3modamente el LCN-GT12 incluso con poca luz ambiental. La pantalla gr\u00e1fica de barras de 15 d\u00edgitos permite visualizar los valores reales y de consigna anal\u00f3gicos. El etiquetado individual del LCN-GT12 se transfiere a una pel\u00edcula o papel y se coloca detr\u00e1s de la superficie de cristal a trav\u00e9s de una peque\u00f1a ranura. El etiquetado puede volver a crearse en cualquier momento, por lo que los cambios en la asignaci\u00f3n de botones no suponen ning\u00fan problema.<\/p>\n<p><strong>Mo<\/strong><strong>delos:<\/strong><\/p>\n<p><strong>LCN-GT12:<\/strong><\/p>\n<ul>\n<li>Dimensiones: 90 mm x 160 mm<\/li>\n<li>Colores: negro, blanco y champ\u00e1n<\/li>\n<\/ul>\n<p><strong>LCN-GTS12:<\/strong><\/p>\n<ul>\n<li>Dimensiones: 75 mm x 145 mm<\/li>\n<li>Colores: negro, blanco y champ\u00e1n<\/li>\n<\/ul>\n<p><strong>Campos de aplicaci\u00f3n:<\/strong><\/p>\n<ul>\n<li>El LCN-GT12 est\u00e1 dise\u00f1ado para su instalaci\u00f3n en interiores secos.<\/li>\n<li>Puede utilizarse para todas las tareas de conmutaci\u00f3n, regulaci\u00f3n y control en el bus LCN<\/li>\n<li>Con el sensor de temperatura integrado, el teclado es ideal para controlar la temperatura, entre otras cosas<\/li>\n<li>Est\u00e1 especialmente indicado para usuarios orientados al dise\u00f1o con las m\u00e1ximas exigencias de funcionalidad y comodidad.<\/li>\n<\/ul>\n<p>&nbsp;<\/p>\n<\/div>\n<p><a class=\"elementor-button-link elementor-button elementor-size-sm\" href=\"https:\/\/webshop.lcn.eu\/LCN-GT12B\/30043\" target=\"_blank\" rel=\"noopener\">A la tienda virtual<\/a><\/p>\n<\/section>\n<\/div>\n<\/div>\n<\/div>\n<\/div>\n","protected":false},"excerpt":{"rendered":"<p>Teclado de cristal con doce botones capacitivos y pantalla con gr\u00e1fico de barras en blanco, negro o champ\u00e1n<\/p>\n","protected":false},"featured_media":9296,"template":"","meta":{"_acf_changed":false,"site-sidebar-layout":"default","site-content-layout":"default","ast-site-content-layout":"default","site-content-style":"default","site-sidebar-style":"default","ast-global-header-display":"","ast-banner-title-visibility":"","ast-main-header-display":"","ast-hfb-above-header-display":"","ast-hfb-below-header-display":"","ast-hfb-mobile-header-display":"","site-post-title":"","ast-breadcrumbs-content":"","ast-featured-img":"","footer-sml-layout":"","ast-disable-related-posts":"","theme-transparent-header-meta":"default","adv-header-id-meta":"","stick-header-meta":"","header-above-stick-meta":"","header-main-stick-meta":"","header-below-stick-meta":"","astra-migrate-meta-layouts":"default","ast-page-background-enabled":"default","ast-page-background-meta":{"desktop":{"background-color":"var(--ast-global-color-4)","background-image":"","background-repeat":"repeat","background-position":"center center","background-size":"auto","background-attachment":"scroll","background-type":"","background-media":"","overlay-type":"","overlay-color":"","overlay-opacity":"","overlay-gradient":""},"tablet":{"background-color":"","background-image":"","background-repeat":"repeat","background-position":"center center","background-size":"auto","background-attachment":"scroll","background-type":"","background-media":"","overlay-type":"","overlay-color":"","overlay-opacity":"","overlay-gradient":""},"mobile":{"background-color":"","background-image":"","background-repeat":"repeat","background-position":"center center","background-size":"auto","background-attachment":"scroll","background-type":"","background-media":"","overlay-type":"","overlay-color":"","overlay-opacity":"","overlay-gradient":""}},"ast-content-background-meta":{"desktop":{"background-color":"var(--ast-global-color-5)","background-image":"","background-repeat":"repeat","background-position":"center center","background-size":"auto","background-attachment":"scroll","background-type":"","background-media":"","overlay-type":"","overlay-color":"","overlay-opacity":"","overlay-gradient":""},"tablet":{"background-color":"var(--ast-global-color-5)","background-image":"","background-repeat":"repeat","background-position":"center center","background-size":"auto","background-attachment":"scroll","background-type":"","background-media":"","overlay-type":"","overlay-color":"","overlay-opacity":"","overlay-gradient":""},"mobile":{"background-color":"var(--ast-global-color-5)","background-image":"","background-repeat":"repeat","background-position":"center center","background-size":"auto","background-attachment":"scroll","background-type":"","background-media":"","overlay-type":"","overlay-color":"","overlay-opacity":"","overlay-gradient":""}}},"product_brand":[],"product_cat":[193],"product_tag":[188],"class_list":{"0":"post-20512","1":"product","2":"type-product","3":"status-publish","4":"has-post-thumbnail","6":"product_cat-pulsador","7":"product_tag-modulo-de-bus","8":"desktop-align-left","9":"tablet-align-left","10":"mobile-align-left","12":"first","13":"instock","14":"shipping-taxable","15":"product-type-simple"},"acf":[],"_links":{"self":[{"href":"https:\/\/www.lcn.eu\/es\/wp-json\/wp\/v2\/product\/20512","targetHints":{"allow":["GET"]}}],"collection":[{"href":"https:\/\/www.lcn.eu\/es\/wp-json\/wp\/v2\/product"}],"about":[{"href":"https:\/\/www.lcn.eu\/es\/wp-json\/wp\/v2\/types\/product"}],"wp:featuredmedia":[{"embeddable":true,"href":"https:\/\/www.lcn.eu\/es\/wp-json\/wp\/v2\/media\/9296"}],"wp:attachment":[{"href":"https:\/\/www.lcn.eu\/es\/wp-json\/wp\/v2\/media?parent=20512"}],"wp:term":[{"taxonomy":"product_brand","embeddable":true,"href":"https:\/\/www.lcn.eu\/es\/wp-json\/wp\/v2\/product_brand?post=20512"},{"taxonomy":"product_cat","embeddable":true,"href":"https:\/\/www.lcn.eu\/es\/wp-json\/wp\/v2\/product_cat?post=20512"},{"taxonomy":"product_tag","embeddable":true,"href":"https:\/\/www.lcn.eu\/es\/wp-json\/wp\/v2\/product_tag?post=20512"}],"curies":[{"name":"wp","href":"https:\/\/api.w.org\/{rel}","templated":true}]}}