{"id":20514,"date":"2023-04-12T12:08:35","date_gmt":"2024-05-24T09:13:46","guid":{"rendered":"https:\/\/www.lcn.eu\/lcn-fuer-installateure\/produkte\/sin categor\u00eda\/lcn-gt6l\/"},"modified":"2024-05-24T11:13:46","modified_gmt":"2024-05-24T09:13:46","slug":"lcn-gt6l","status":"publish","type":"product","link":"https:\/\/www.lcn.eu\/es\/lcn-fuer-installateure\/produkte\/pulsador\/lcn-gt6l\/","title":{"rendered":"LCN-GT6L"},"content":{"rendered":"<div class=\"template-page content av-content-full alpha units\">\n<div class=\"post-entry post-entry-type-page post-entry-48964\">\n<div class=\"entry-content-wrapper clearfix\">\n<div class=\"flex_column av_two_third flex_column_div av-zero-column-padding first avia-builder-el-3 el_after_av_hr el_before_av_one_third \">\n<section class=\"av_textblock_section \">\n<div class=\"avia_textblock \">\n<p>El LCN-GT6L es un elegante teclado sensor con botones especialmente f\u00e1ciles de manejar, opcionalmente con funci\u00f3n deslizante. Tambi\u00e9n dispone de un sensor de temperatura. Se monta y se ancla a la caja de salida de una l\u00e1mpara mediante una placa de montaje. Ocupa la conexi\u00f3n I de cualquier m\u00f3dulo LCN. La luz corona, la iluminaci\u00f3n de los botones y los LED m\u00e1s brillantes est\u00e1n disponibles opcionalmente con el LCN-NUI.<\/p>\n<p>Las superficies de los sensores capacitivos est\u00e1n dispuestas detr\u00e1s de un frontal de cristal de 5 mm de grosor. Las superficies sensoras del LCN-GT6L reaccionan al contacto con la superficie de cristal. En funci\u00f3n de la duraci\u00f3n del contacto, se env\u00eda un comando de control LCN correspondiente Corto, Largo o LIBERAR.<\/p>\n<p>El LCN-GT6L ofrece tres campos de sensores en un dise\u00f1o nuevo e innovador, cada uno de los cuales puede parametrizarse en tres modos de funcionamiento.<br \/>\n1. Gran superficie de botones. Gracias a una altura de ocho cm, los botones de gran tama\u00f1o ofrecen un manejo especialmente c\u00f3modo. Incluso para personas con movilidad reducida.<br \/>\n2. dos pulsadores, este ajuste es \u00fatil si hay que parametrizar muchas funciones. Con algo menos de cuatro cent\u00edmetros, los botones siguen siendo muy altos.<br \/>\n3. el bot\u00f3n deslizante es especialmente adecuado para la regulaci\u00f3n de la luminosidad: La luminosidad deseada puede ajustarse directamente pulsando en cualquier lugar del bot\u00f3n.<\/p>\n<p>Adem\u00e1s, se han integrado dos LED rojos de estado para cada superficie del sensor. El etiquetado individual de las superficies de los sensores puede transferirse a papel o pel\u00edcula y colocarse detr\u00e1s de la superficie de cristal.<br \/>\nEste etiquetado puede modificarse en cualquier momento, por lo que los cambios en la asignaci\u00f3n de botones no suponen ning\u00fan problema. Cuando se utiliza con el LCN-NUI, el LCN-GT6L tambi\u00e9n ofrece un anillo de luz de corona opcional para la iluminaci\u00f3n de la pared y la retroiluminaci\u00f3n blanca de los botones.<br \/>\n Las superficies individuales de los sensores est\u00e1n retroiluminadas en blanco. Todos los LED, as\u00ed como los de la corona, pueden controlarse seg\u00fan sea necesario.<br \/>\n El receptor de mando a distancia integrado (LCN-RR) responde a los mandos a distancia IR codificados con LCN.<\/p>\n<p><strong>Campos de aplicaci\u00f3n:<\/strong><\/p>\n<ul>\n<li>El LCN-GT6L est\u00e1 dise\u00f1ado para su instalaci\u00f3n en interiores secos<\/li>\n<li>Puede utilizarse para todas las tareas de conmutaci\u00f3n, regulaci\u00f3n y control en el bus LCN<\/li>\n<li>Es especialmente adecuado para usuarios orientados al dise\u00f1o con las m\u00e1ximas exigencias de funcionalidad y comodidad.<\/li>\n<\/ul>\n<p><strong>Modelos:<\/strong><\/p>\n<p><strong>LCN-GT6L:<\/strong><\/p>\n<ul>\n<li>Dimensiones: 50 mm x 300 mm<\/li>\n<li>Colores: negro, champ\u00e1n y blanco<\/li>\n<\/ul>\n<p>&nbsp;<\/p>\n<\/div>\n<p><a class=\"elementor-button-link elementor-button elementor-size-sm\" href=\"https:\/\/webshop.lcn.eu\/LCN-GT6LW\/30320\" target=\"_blank\" rel=\"noopener\">A la tienda virtual<\/a><\/p>\n<\/section>\n<\/div>\n<\/div>\n<\/div>\n<\/div>\n","protected":false},"excerpt":{"rendered":"<p>Elegante teclado de cristal con 6 botones, sensor de temperatura y mando a distancia por infrarrojos en blanco, negro o champ\u00e1n<\/p>\n","protected":false},"featured_media":9285,"template":"","meta":{"_acf_changed":false,"site-sidebar-layout":"default","site-content-layout":"default","ast-site-content-layout":"default","site-content-style":"default","site-sidebar-style":"default","ast-global-header-display":"","ast-banner-title-visibility":"","ast-main-header-display":"","ast-hfb-above-header-display":"","ast-hfb-below-header-display":"","ast-hfb-mobile-header-display":"","site-post-title":"","ast-breadcrumbs-content":"","ast-featured-img":"","footer-sml-layout":"","ast-disable-related-posts":"","theme-transparent-header-meta":"default","adv-header-id-meta":"","stick-header-meta":"","header-above-stick-meta":"","header-main-stick-meta":"","header-below-stick-meta":"","astra-migrate-meta-layouts":"default","ast-page-background-enabled":"default","ast-page-background-meta":{"desktop":{"background-color":"var(--ast-global-color-4)","background-image":"","background-repeat":"repeat","background-position":"center center","background-size":"auto","background-attachment":"scroll","background-type":"","background-media":"","overlay-type":"","overlay-color":"","overlay-opacity":"","overlay-gradient":""},"tablet":{"background-color":"","background-image":"","background-repeat":"repeat","background-position":"center center","background-size":"auto","background-attachment":"scroll","background-type":"","background-media":"","overlay-type":"","overlay-color":"","overlay-opacity":"","overlay-gradient":""},"mobile":{"background-color":"","background-image":"","background-repeat":"repeat","background-position":"center center","background-size":"auto","background-attachment":"scroll","background-type":"","background-media":"","overlay-type":"","overlay-color":"","overlay-opacity":"","overlay-gradient":""}},"ast-content-background-meta":{"desktop":{"background-color":"var(--ast-global-color-5)","background-image":"","background-repeat":"repeat","background-position":"center center","background-size":"auto","background-attachment":"scroll","background-type":"","background-media":"","overlay-type":"","overlay-color":"","overlay-opacity":"","overlay-gradient":""},"tablet":{"background-color":"var(--ast-global-color-5)","background-image":"","background-repeat":"repeat","background-position":"center center","background-size":"auto","background-attachment":"scroll","background-type":"","background-media":"","overlay-type":"","overlay-color":"","overlay-opacity":"","overlay-gradient":""},"mobile":{"background-color":"var(--ast-global-color-5)","background-image":"","background-repeat":"repeat","background-position":"center center","background-size":"auto","background-attachment":"scroll","background-type":"","background-media":"","overlay-type":"","overlay-color":"","overlay-opacity":"","overlay-gradient":""}}},"product_brand":[],"product_cat":[193],"product_tag":[188],"class_list":{"0":"post-20514","1":"product","2":"type-product","3":"status-publish","4":"has-post-thumbnail","6":"product_cat-pulsador","7":"product_tag-modulo-de-bus","8":"desktop-align-left","9":"tablet-align-left","10":"mobile-align-left","12":"first","13":"instock","14":"shipping-taxable","15":"product-type-simple"},"acf":[],"_links":{"self":[{"href":"https:\/\/www.lcn.eu\/es\/wp-json\/wp\/v2\/product\/20514","targetHints":{"allow":["GET"]}}],"collection":[{"href":"https:\/\/www.lcn.eu\/es\/wp-json\/wp\/v2\/product"}],"about":[{"href":"https:\/\/www.lcn.eu\/es\/wp-json\/wp\/v2\/types\/product"}],"wp:featuredmedia":[{"embeddable":true,"href":"https:\/\/www.lcn.eu\/es\/wp-json\/wp\/v2\/media\/9285"}],"wp:attachment":[{"href":"https:\/\/www.lcn.eu\/es\/wp-json\/wp\/v2\/media?parent=20514"}],"wp:term":[{"taxonomy":"product_brand","embeddable":true,"href":"https:\/\/www.lcn.eu\/es\/wp-json\/wp\/v2\/product_brand?post=20514"},{"taxonomy":"product_cat","embeddable":true,"href":"https:\/\/www.lcn.eu\/es\/wp-json\/wp\/v2\/product_cat?post=20514"},{"taxonomy":"product_tag","embeddable":true,"href":"https:\/\/www.lcn.eu\/es\/wp-json\/wp\/v2\/product_tag?post=20514"}],"curies":[{"name":"wp","href":"https:\/\/api.w.org\/{rel}","templated":true}]}}