{"id":20567,"date":"2023-03-09T11:41:22","date_gmt":"2024-05-28T13:43:13","guid":{"rendered":"https:\/\/www.lcn.eu\/lcn-fuer-installateure\/produkte\/sin categor\u00eda\/lcn-shu\/"},"modified":"2024-05-28T15:43:13","modified_gmt":"2024-05-28T13:43:13","slug":"lcn-shu","status":"publish","type":"product","link":"https:\/\/www.lcn.eu\/es\/lcn-fuer-installateure\/produkte\/modulos-de-bus\/lcn-shu\/","title":{"rendered":"LCN-SHU"},"content":{"rendered":"<p>El m\u00f3dulo de riel DIN LCN-SHU es un m\u00f3dulo sensor\/actuador. Dispone de dos salidas electr\u00f3nicas conmutables o regulables de 230 voltios. Las dos salidas electr\u00f3nicas pueden funcionar como atenuadores de fase de flanco de subida y de bajada o como conmutadores de tensi\u00f3n cero. Cada uno de ellos dispone de rampas de atenuaci\u00f3n y temporizadores independientes. Otras dos salidas se simulan y no se dirigen al exterior. Diese Ausg\u00e4nge k\u00f6nnen f\u00fcr DALI oder LED mit LCN-HL4+ verwendet werden.<\/p>\n<p><strong>Campos de aplicaci\u00f3n:<\/strong><\/p>\n<ul>\n<li>Controles de iluminaci\u00f3n de alta calidad a nivel de teatro con elaborados efectos luminosos.<\/li>\n<li>Control de sistemas de sombreado como persianas o cortinas enrollables.<\/li>\n<li>Para controlar la refrigeraci\u00f3n, la calefacci\u00f3n o la ventilaci\u00f3n.<\/li>\n<li>Control de acceso con mando a distancia por infrarrojos y transpondedor.<\/li>\n<li>Controles autom\u00e1ticos con muchos temporizadores y enlaces.<\/li>\n<li>Sistemas Tableau con cuatro estados por LED y v\u00ednculos jer\u00e1rquicos entre autorizaciones y visualizaciones.<\/li>\n<li>Sistemas de alarma, tambi\u00e9n con varias zonas y condiciones complejas, bloqueo, prealarma, etc.<\/li>\n<li>La interconexi\u00f3n de los servicios del edificio, iluminaci\u00f3n \u00bb sombreado \u00bb alarma \u00bb acceso, etc. = alta funcionalidad con una utilizaci\u00f3n m\u00faltiple y rentable de sensores y actuadores.<\/li>\n<\/ul>\n<p>Todas las funciones pueden utilizarse de forma independiente y, por tanto, est\u00e1n disponibles simult\u00e1neamente.<\/p>\n<p>&nbsp;<\/p>\n<p><a class=\"elementor-button-link elementor-button elementor-size-sm\" href=\"https:\/\/webshop.lcn.eu\/LCN-SHU\/30315\" target=\"_blank\" rel=\"noopener\">A la tienda virtual<\/a><\/p>\n","protected":false},"excerpt":{"rendered":"<p>M\u00f3dulo sensor\/actuador universal para riel DIN con secci\u00f3n de fase y compuerta<\/p>\n","protected":false},"featured_media":3655,"template":"","meta":{"_acf_changed":false,"site-sidebar-layout":"default","site-content-layout":"default","ast-site-content-layout":"default","site-content-style":"default","site-sidebar-style":"default","ast-global-header-display":"","ast-banner-title-visibility":"","ast-main-header-display":"","ast-hfb-above-header-display":"","ast-hfb-below-header-display":"","ast-hfb-mobile-header-display":"","site-post-title":"","ast-breadcrumbs-content":"","ast-featured-img":"","footer-sml-layout":"","ast-disable-related-posts":"","theme-transparent-header-meta":"default","adv-header-id-meta":"","stick-header-meta":"","header-above-stick-meta":"","header-main-stick-meta":"","header-below-stick-meta":"","astra-migrate-meta-layouts":"default","ast-page-background-enabled":"default","ast-page-background-meta":{"desktop":{"background-color":"var(--ast-global-color-4)","background-image":"","background-repeat":"repeat","background-position":"center center","background-size":"auto","background-attachment":"scroll","background-type":"","background-media":"","overlay-type":"","overlay-color":"","overlay-opacity":"","overlay-gradient":""},"tablet":{"background-color":"","background-image":"","background-repeat":"repeat","background-position":"center center","background-size":"auto","background-attachment":"scroll","background-type":"","background-media":"","overlay-type":"","overlay-color":"","overlay-opacity":"","overlay-gradient":""},"mobile":{"background-color":"","background-image":"","background-repeat":"repeat","background-position":"center center","background-size":"auto","background-attachment":"scroll","background-type":"","background-media":"","overlay-type":"","overlay-color":"","overlay-opacity":"","overlay-gradient":""}},"ast-content-background-meta":{"desktop":{"background-color":"var(--ast-global-color-5)","background-image":"","background-repeat":"repeat","background-position":"center center","background-size":"auto","background-attachment":"scroll","background-type":"","background-media":"","overlay-type":"","overlay-color":"","overlay-opacity":"","overlay-gradient":""},"tablet":{"background-color":"var(--ast-global-color-5)","background-image":"","background-repeat":"repeat","background-position":"center center","background-size":"auto","background-attachment":"scroll","background-type":"","background-media":"","overlay-type":"","overlay-color":"","overlay-opacity":"","overlay-gradient":""},"mobile":{"background-color":"var(--ast-global-color-5)","background-image":"","background-repeat":"repeat","background-position":"center center","background-size":"auto","background-attachment":"scroll","background-type":"","background-media":"","overlay-type":"","overlay-color":"","overlay-opacity":"","overlay-gradient":""}}},"product_brand":[],"product_cat":[192],"product_tag":[188],"class_list":{"0":"post-20567","1":"product","2":"type-product","3":"status-publish","4":"has-post-thumbnail","6":"product_cat-modulos-de-bus","7":"product_tag-modulo-de-bus","8":"desktop-align-left","9":"tablet-align-left","10":"mobile-align-left","12":"first","13":"instock","14":"shipping-taxable","15":"product-type-simple"},"acf":[],"_links":{"self":[{"href":"https:\/\/www.lcn.eu\/es\/wp-json\/wp\/v2\/product\/20567","targetHints":{"allow":["GET"]}}],"collection":[{"href":"https:\/\/www.lcn.eu\/es\/wp-json\/wp\/v2\/product"}],"about":[{"href":"https:\/\/www.lcn.eu\/es\/wp-json\/wp\/v2\/types\/product"}],"wp:featuredmedia":[{"embeddable":true,"href":"https:\/\/www.lcn.eu\/es\/wp-json\/wp\/v2\/media\/3655"}],"wp:attachment":[{"href":"https:\/\/www.lcn.eu\/es\/wp-json\/wp\/v2\/media?parent=20567"}],"wp:term":[{"taxonomy":"product_brand","embeddable":true,"href":"https:\/\/www.lcn.eu\/es\/wp-json\/wp\/v2\/product_brand?post=20567"},{"taxonomy":"product_cat","embeddable":true,"href":"https:\/\/www.lcn.eu\/es\/wp-json\/wp\/v2\/product_cat?post=20567"},{"taxonomy":"product_tag","embeddable":true,"href":"https:\/\/www.lcn.eu\/es\/wp-json\/wp\/v2\/product_tag?post=20567"}],"curies":[{"name":"wp","href":"https:\/\/api.w.org\/{rel}","templated":true}]}}