{"id":20569,"date":"2023-03-09T11:29:35","date_gmt":"2024-05-28T13:53:10","guid":{"rendered":"https:\/\/www.lcn.eu\/lcn-fuer-installateure\/produkte\/sin categor\u00eda\/lcn-sh\/"},"modified":"2024-05-28T15:53:10","modified_gmt":"2024-05-28T13:53:10","slug":"lcn-sh","status":"publish","type":"product","link":"https:\/\/www.lcn.eu\/es\/lcn-fuer-installateure\/produkte\/modulos-de-bus\/lcn-sh\/","title":{"rendered":"LCN-SH"},"content":{"rendered":"<section class=\"av_textblock_section \">\n<div class=\"avia_textblock \">\n<p>El m\u00f3dulo de riel DIN LCN-SH es un m\u00f3dulo sensor\/actuador del sistema de bus LCN. Dispone de dos salidas electr\u00f3nicas conmutables o regulables para 230 V~ y dos salidas simuladas que pueden utilizarse para la programaci\u00f3n. El LCN-SH tambi\u00e9n dispone de conexiones T, I y P para conectar sensores y actuadores LCN adicionales. The internal operating program can be freely parameterised with the LCN system software LCN-PRO. El montaje en un riel superior en armarios de distribuci\u00f3n es habitual.<\/p>\n<p><strong>Campos de aplicaci\u00f3n:<\/strong><\/p>\n<ul>\n<li>Controles de iluminaci\u00f3n de alta calidad a nivel de teatro con elaborados efectos luminosos.<\/li>\n<li>Control de sistemas de sombreado como persianas enrollables o estores.<\/li>\n<li>Para controlar la refrigeraci\u00f3n, la calefacci\u00f3n o la ventilaci\u00f3n.<\/li>\n<li>Control de acceso con mando a distancia por infrarrojos y transpondedor.<\/li>\n<li>Controles autom\u00e1ticos con muchos temporizadores y enlaces.<\/li>\n<li>Sistemas Tableau con cuatro estados por LED y v\u00ednculos jer\u00e1rquicos entre autorizaciones y visualizaciones.<\/li>\n<li>Sistemas de alarma, tambi\u00e9n con varias zonas y condiciones complejas, bloqueo, prealarma, etc.<\/li>\n<li>La interconexi\u00f3n de los servicios del edificio, iluminaci\u00f3n \u00bb sombreado \u00bb alarma \u00bb acceso, etc. = alta funcionalidad con una utilizaci\u00f3n m\u00faltiple y rentable de sensores y actuadores.<\/li>\n<\/ul>\n<p>Todas las funciones pueden utilizarse de forma independiente y, por tanto, est\u00e1n disponibles simult\u00e1neamente.<\/p>\n<p>&nbsp;<\/p>\n<\/div>\n<p><a class=\"elementor-button-link elementor-button elementor-size-sm\" href=\"https:\/\/webshop.lcn.eu\/LCN-SH\/30000\" target=\"_blank\" rel=\"noopener\">A la tienda virtual<\/a><\/p>\n<\/section>\n","protected":false},"excerpt":{"rendered":"<p>M\u00f3dulo de conmutaci\u00f3n y regulaci\u00f3n para el riel DIN<\/p>\n","protected":false},"featured_media":3652,"template":"","meta":{"_acf_changed":false,"site-sidebar-layout":"default","site-content-layout":"default","ast-site-content-layout":"default","site-content-style":"default","site-sidebar-style":"default","ast-global-header-display":"","ast-banner-title-visibility":"","ast-main-header-display":"","ast-hfb-above-header-display":"","ast-hfb-below-header-display":"","ast-hfb-mobile-header-display":"","site-post-title":"","ast-breadcrumbs-content":"","ast-featured-img":"","footer-sml-layout":"","ast-disable-related-posts":"","theme-transparent-header-meta":"default","adv-header-id-meta":"","stick-header-meta":"","header-above-stick-meta":"","header-main-stick-meta":"","header-below-stick-meta":"","astra-migrate-meta-layouts":"default","ast-page-background-enabled":"default","ast-page-background-meta":{"desktop":{"background-color":"var(--ast-global-color-4)","background-image":"","background-repeat":"repeat","background-position":"center center","background-size":"auto","background-attachment":"scroll","background-type":"","background-media":"","overlay-type":"","overlay-color":"","overlay-opacity":"","overlay-gradient":""},"tablet":{"background-color":"","background-image":"","background-repeat":"repeat","background-position":"center center","background-size":"auto","background-attachment":"scroll","background-type":"","background-media":"","overlay-type":"","overlay-color":"","overlay-opacity":"","overlay-gradient":""},"mobile":{"background-color":"","background-image":"","background-repeat":"repeat","background-position":"center center","background-size":"auto","background-attachment":"scroll","background-type":"","background-media":"","overlay-type":"","overlay-color":"","overlay-opacity":"","overlay-gradient":""}},"ast-content-background-meta":{"desktop":{"background-color":"var(--ast-global-color-5)","background-image":"","background-repeat":"repeat","background-position":"center center","background-size":"auto","background-attachment":"scroll","background-type":"","background-media":"","overlay-type":"","overlay-color":"","overlay-opacity":"","overlay-gradient":""},"tablet":{"background-color":"var(--ast-global-color-5)","background-image":"","background-repeat":"repeat","background-position":"center center","background-size":"auto","background-attachment":"scroll","background-type":"","background-media":"","overlay-type":"","overlay-color":"","overlay-opacity":"","overlay-gradient":""},"mobile":{"background-color":"var(--ast-global-color-5)","background-image":"","background-repeat":"repeat","background-position":"center center","background-size":"auto","background-attachment":"scroll","background-type":"","background-media":"","overlay-type":"","overlay-color":"","overlay-opacity":"","overlay-gradient":""}}},"product_brand":[],"product_cat":[192],"product_tag":[188],"class_list":{"0":"post-20569","1":"product","2":"type-product","3":"status-publish","4":"has-post-thumbnail","6":"product_cat-modulos-de-bus","7":"product_tag-modulo-de-bus","8":"desktop-align-left","9":"tablet-align-left","10":"mobile-align-left","12":"first","13":"instock","14":"shipping-taxable","15":"product-type-simple"},"acf":[],"_links":{"self":[{"href":"https:\/\/www.lcn.eu\/es\/wp-json\/wp\/v2\/product\/20569","targetHints":{"allow":["GET"]}}],"collection":[{"href":"https:\/\/www.lcn.eu\/es\/wp-json\/wp\/v2\/product"}],"about":[{"href":"https:\/\/www.lcn.eu\/es\/wp-json\/wp\/v2\/types\/product"}],"wp:featuredmedia":[{"embeddable":true,"href":"https:\/\/www.lcn.eu\/es\/wp-json\/wp\/v2\/media\/3652"}],"wp:attachment":[{"href":"https:\/\/www.lcn.eu\/es\/wp-json\/wp\/v2\/media?parent=20569"}],"wp:term":[{"taxonomy":"product_brand","embeddable":true,"href":"https:\/\/www.lcn.eu\/es\/wp-json\/wp\/v2\/product_brand?post=20569"},{"taxonomy":"product_cat","embeddable":true,"href":"https:\/\/www.lcn.eu\/es\/wp-json\/wp\/v2\/product_cat?post=20569"},{"taxonomy":"product_tag","embeddable":true,"href":"https:\/\/www.lcn.eu\/es\/wp-json\/wp\/v2\/product_tag?post=20569"}],"curies":[{"name":"wp","href":"https:\/\/api.w.org\/{rel}","templated":true}]}}