{"id":20570,"date":"2023-03-09T10:44:36","date_gmt":"2024-05-28T13:57:31","guid":{"rendered":"https:\/\/www.lcn.eu\/lcn-fuer-installateure\/produkte\/sin categor\u00eda\/lcn-ups24\/"},"modified":"2024-05-28T15:57:31","modified_gmt":"2024-05-28T13:57:31","slug":"lcn-ups24","status":"publish","type":"product","link":"https:\/\/www.lcn.eu\/es\/lcn-fuer-installateure\/produkte\/modulos-de-bus\/lcn-ups24\/","title":{"rendered":"LCN-UPS24"},"content":{"rendered":"<section class=\"av_textblock_section \">\n<div class=\"avia_textblock \">\n<p>El m\u00f3dulo empotrable LCN-UPS24 es un m\u00f3dulo sensor. El m\u00f3dulo LCN-UPS24 se utiliza en espacios secos en tomas empotradas\/electr\u00f3nicas directamente detr\u00e1s de pulsadores, enchufes, etc. Tambi\u00e9n es posible la instalaci\u00f3n en cajas de derivaci\u00f3n. El m\u00f3dulo dispone de una entrada de sensor (conexi\u00f3n T) a la que se pueden conectar, por ejemplo, pulsadores LCN-GTx convencionales u otros perif\u00e9ricos. Adem\u00e1s, est\u00e1 disponible la conexi\u00f3n I, que ofrece muchas funciones, por ejemplo, receptor de infrarrojos, pulsador GT, sensores, transceptor EnOcean, etc.<\/p>\n<p>The internal operating program can be freely parameterised with the LCN system software LCN-PRO. El LCN-UPS24 se instala de forma descentralizada en cajas profundas de conmutaci\u00f3n, distribuci\u00f3n o electr\u00f3nica.<\/p>\n<p><strong>Campos de aplicaci\u00f3n:<\/strong><\/p>\n<p>\u2022 Conexi\u00f3n rentable de sensores LCN y pulsadores KNX o pulsadores inal\u00e1mbricos EnOcean.<br \/>\n\u2022 Control individual de habitaciones: refrigeraci\u00f3n, calefacci\u00f3n, ventilaci\u00f3n<br \/>\n\u2022 Control de acceso con mando a distancia por infrarrojos y transpondedores.<br \/>\n\u2022 Controles autom\u00e1ticos con muchos temporizadores y enlaces.<br \/>\n\u2022 Sistemas de paneles con cuatro LED de estado y enlaces jer\u00e1rquicos entre autorizaciones y pantallas.<br \/>\n\u2022 Sistemas de alarma, tambi\u00e9n con varias zonas y condiciones complejas, bloqueo, prealarma y otros.<br \/>\n\u2022 La vinculaci\u00f3n de todos los servicios del edificio: iluminaci\u00f3n, sombreado, alarma, acceso y otros, da como resultado una gran funcionalidad con un uso m\u00faltiple y rentable de otros sensores y actuadores.<\/p>\n<p>Todas las funciones pueden utilizarse de forma independiente y, por tanto, est\u00e1n disponibles simult\u00e1neamente.<\/p>\n<p>&nbsp;<\/p>\n<\/div>\n<p><a class=\"elementor-button-link elementor-button elementor-size-sm\" href=\"https:\/\/webshop.lcn.eu\/LCN-UPS24\/30325\" rel=\"noopener\">A la tienda virtual<\/a><\/p>\n<\/section>\n","protected":false},"excerpt":{"rendered":"<p>M\u00f3dulo sensor universal 24V para caja empotrada<\/p>\n","protected":false},"featured_media":3657,"template":"","meta":{"_acf_changed":false,"site-sidebar-layout":"default","site-content-layout":"default","ast-site-content-layout":"default","site-content-style":"default","site-sidebar-style":"default","ast-global-header-display":"","ast-banner-title-visibility":"","ast-main-header-display":"","ast-hfb-above-header-display":"","ast-hfb-below-header-display":"","ast-hfb-mobile-header-display":"","site-post-title":"","ast-breadcrumbs-content":"","ast-featured-img":"","footer-sml-layout":"","ast-disable-related-posts":"","theme-transparent-header-meta":"default","adv-header-id-meta":"","stick-header-meta":"","header-above-stick-meta":"","header-main-stick-meta":"","header-below-stick-meta":"","astra-migrate-meta-layouts":"default","ast-page-background-enabled":"default","ast-page-background-meta":{"desktop":{"background-color":"var(--ast-global-color-4)","background-image":"","background-repeat":"repeat","background-position":"center center","background-size":"auto","background-attachment":"scroll","background-type":"","background-media":"","overlay-type":"","overlay-color":"","overlay-opacity":"","overlay-gradient":""},"tablet":{"background-color":"","background-image":"","background-repeat":"repeat","background-position":"center center","background-size":"auto","background-attachment":"scroll","background-type":"","background-media":"","overlay-type":"","overlay-color":"","overlay-opacity":"","overlay-gradient":""},"mobile":{"background-color":"","background-image":"","background-repeat":"repeat","background-position":"center center","background-size":"auto","background-attachment":"scroll","background-type":"","background-media":"","overlay-type":"","overlay-color":"","overlay-opacity":"","overlay-gradient":""}},"ast-content-background-meta":{"desktop":{"background-color":"var(--ast-global-color-5)","background-image":"","background-repeat":"repeat","background-position":"center center","background-size":"auto","background-attachment":"scroll","background-type":"","background-media":"","overlay-type":"","overlay-color":"","overlay-opacity":"","overlay-gradient":""},"tablet":{"background-color":"var(--ast-global-color-5)","background-image":"","background-repeat":"repeat","background-position":"center center","background-size":"auto","background-attachment":"scroll","background-type":"","background-media":"","overlay-type":"","overlay-color":"","overlay-opacity":"","overlay-gradient":""},"mobile":{"background-color":"var(--ast-global-color-5)","background-image":"","background-repeat":"repeat","background-position":"center center","background-size":"auto","background-attachment":"scroll","background-type":"","background-media":"","overlay-type":"","overlay-color":"","overlay-opacity":"","overlay-gradient":""}}},"product_brand":[],"product_cat":[192],"product_tag":[188],"class_list":{"0":"post-20570","1":"product","2":"type-product","3":"status-publish","4":"has-post-thumbnail","6":"product_cat-modulos-de-bus","7":"product_tag-modulo-de-bus","8":"desktop-align-left","9":"tablet-align-left","10":"mobile-align-left","12":"first","13":"instock","14":"shipping-taxable","15":"product-type-simple"},"acf":[],"_links":{"self":[{"href":"https:\/\/www.lcn.eu\/es\/wp-json\/wp\/v2\/product\/20570","targetHints":{"allow":["GET"]}}],"collection":[{"href":"https:\/\/www.lcn.eu\/es\/wp-json\/wp\/v2\/product"}],"about":[{"href":"https:\/\/www.lcn.eu\/es\/wp-json\/wp\/v2\/types\/product"}],"wp:featuredmedia":[{"embeddable":true,"href":"https:\/\/www.lcn.eu\/es\/wp-json\/wp\/v2\/media\/3657"}],"wp:attachment":[{"href":"https:\/\/www.lcn.eu\/es\/wp-json\/wp\/v2\/media?parent=20570"}],"wp:term":[{"taxonomy":"product_brand","embeddable":true,"href":"https:\/\/www.lcn.eu\/es\/wp-json\/wp\/v2\/product_brand?post=20570"},{"taxonomy":"product_cat","embeddable":true,"href":"https:\/\/www.lcn.eu\/es\/wp-json\/wp\/v2\/product_cat?post=20570"},{"taxonomy":"product_tag","embeddable":true,"href":"https:\/\/www.lcn.eu\/es\/wp-json\/wp\/v2\/product_tag?post=20570"}],"curies":[{"name":"wp","href":"https:\/\/api.w.org\/{rel}","templated":true}]}}