{"id":20580,"date":"2024-05-24T11:14:28","date_gmt":"2024-05-29T08:06:22","guid":{"rendered":"https:\/\/www.lcn.eu\/lcn-fuer-installateure\/produkte\/sin categor\u00eda\/lcn-sku\/"},"modified":"2024-05-29T10:06:22","modified_gmt":"2024-05-29T08:06:22","slug":"lcn-sku","status":"publish","type":"product","link":"https:\/\/www.lcn.eu\/es\/lcn-fuer-installateure\/produkte\/conector\/lcn-sku\/","title":{"rendered":"LCN-SKU"},"content":{"rendered":"<section class=\"av_textblock_section \">\n<div class=\"avia_textblock \">El acoplador de segmentos LCN-SKU es un m\u00f3dulo de acoplamiento del sistema de bus LCN para conectar de 2 a 120 segmentos LCN. Tambi\u00e9n ofrece la posibilidad de conectar un PC directamente al bus de segmento y al bus LCN local mediante una conexi\u00f3n USB. El LCN-SKU es un m\u00f3dulo de bus LCN inteligente y dispone de un procesador con un b\u00fafer intermedio que garantiza una transmisi\u00f3n de datos sin p\u00e9rdidas.<\/div>\n<div class=\"avia_textblock \">\n<p>Los acopladores de segmento LCN deben instalarse y conectarse de acuerdo con las directrices para cables CAT5. Debe pelarse hasta un m\u00e1ximo de 2 cm y la torsi\u00f3n de los n\u00facleos s\u00f3lo debe deshacerse en la medida necesaria. El alcance depende de la velocidad de transmisi\u00f3n y del n\u00famero de acopladores de segmento. Es conveniente conectar el m\u00f3dulo LCN-SKU a la fuente de alimentaci\u00f3n de seguridad. Los hilos libres de la l\u00ednea de bus de segmento no se deben utilizar para potenciales externos y el programa de funcionamiento interno se puede parametrizar libremente con el software de sistema LCN-PRO. El LCN-SKU puede combinarse con su predecesor, el LCN-SK.<\/p>\n<p><strong>Campos de aplicaci\u00f3n:<\/strong><\/p>\n<ul>\n<li>El LCN-SKU se utiliza en grandes instalaciones para conectar varios buses LCN entre s\u00ed.<\/li>\n<\/ul>\n<div class=\"avia_textblock \">\n<p>&nbsp;<\/p>\n<\/div>\n<p><a class=\"elementor-button-link elementor-button elementor-size-sm\" href=\"https:\/\/webshop.lcn.eu\/LCN-SKU\/30377\" target=\"_blank\" rel=\"noopener\">A la tienda virtual<\/a><\/p>\n<\/div>\n<\/section>\n","protected":false},"excerpt":{"rendered":"<p>Acoplador de segmentos con conexi\u00f3n USB para el riel DIN<\/p>\n","protected":false},"featured_media":20519,"template":"","meta":{"_acf_changed":false,"site-sidebar-layout":"default","site-content-layout":"default","ast-site-content-layout":"default","site-content-style":"default","site-sidebar-style":"default","ast-global-header-display":"","ast-banner-title-visibility":"","ast-main-header-display":"","ast-hfb-above-header-display":"","ast-hfb-below-header-display":"","ast-hfb-mobile-header-display":"","site-post-title":"","ast-breadcrumbs-content":"","ast-featured-img":"","footer-sml-layout":"","ast-disable-related-posts":"","theme-transparent-header-meta":"default","adv-header-id-meta":"","stick-header-meta":"","header-above-stick-meta":"","header-main-stick-meta":"","header-below-stick-meta":"","astra-migrate-meta-layouts":"default","ast-page-background-enabled":"default","ast-page-background-meta":{"desktop":{"background-color":"var(--ast-global-color-4)","background-image":"","background-repeat":"repeat","background-position":"center center","background-size":"auto","background-attachment":"scroll","background-type":"","background-media":"","overlay-type":"","overlay-color":"","overlay-opacity":"","overlay-gradient":""},"tablet":{"background-color":"","background-image":"","background-repeat":"repeat","background-position":"center center","background-size":"auto","background-attachment":"scroll","background-type":"","background-media":"","overlay-type":"","overlay-color":"","overlay-opacity":"","overlay-gradient":""},"mobile":{"background-color":"","background-image":"","background-repeat":"repeat","background-position":"center center","background-size":"auto","background-attachment":"scroll","background-type":"","background-media":"","overlay-type":"","overlay-color":"","overlay-opacity":"","overlay-gradient":""}},"ast-content-background-meta":{"desktop":{"background-color":"var(--ast-global-color-5)","background-image":"","background-repeat":"repeat","background-position":"center center","background-size":"auto","background-attachment":"scroll","background-type":"","background-media":"","overlay-type":"","overlay-color":"","overlay-opacity":"","overlay-gradient":""},"tablet":{"background-color":"var(--ast-global-color-5)","background-image":"","background-repeat":"repeat","background-position":"center center","background-size":"auto","background-attachment":"scroll","background-type":"","background-media":"","overlay-type":"","overlay-color":"","overlay-opacity":"","overlay-gradient":""},"mobile":{"background-color":"var(--ast-global-color-5)","background-image":"","background-repeat":"repeat","background-position":"center center","background-size":"auto","background-attachment":"scroll","background-type":"","background-media":"","overlay-type":"","overlay-color":"","overlay-opacity":"","overlay-gradient":""}}},"product_brand":[],"product_cat":[190],"product_tag":[189,188],"class_list":{"0":"post-20580","1":"product","2":"type-product","3":"status-publish","4":"has-post-thumbnail","6":"product_cat-conector","7":"product_tag-conector","8":"product_tag-modulo-de-bus","9":"desktop-align-left","10":"tablet-align-left","11":"mobile-align-left","13":"first","14":"instock","15":"shipping-taxable","16":"product-type-simple"},"acf":[],"_links":{"self":[{"href":"https:\/\/www.lcn.eu\/es\/wp-json\/wp\/v2\/product\/20580","targetHints":{"allow":["GET"]}}],"collection":[{"href":"https:\/\/www.lcn.eu\/es\/wp-json\/wp\/v2\/product"}],"about":[{"href":"https:\/\/www.lcn.eu\/es\/wp-json\/wp\/v2\/types\/product"}],"wp:featuredmedia":[{"embeddable":true,"href":"https:\/\/www.lcn.eu\/es\/wp-json\/wp\/v2\/media\/20519"}],"wp:attachment":[{"href":"https:\/\/www.lcn.eu\/es\/wp-json\/wp\/v2\/media?parent=20580"}],"wp:term":[{"taxonomy":"product_brand","embeddable":true,"href":"https:\/\/www.lcn.eu\/es\/wp-json\/wp\/v2\/product_brand?post=20580"},{"taxonomy":"product_cat","embeddable":true,"href":"https:\/\/www.lcn.eu\/es\/wp-json\/wp\/v2\/product_cat?post=20580"},{"taxonomy":"product_tag","embeddable":true,"href":"https:\/\/www.lcn.eu\/es\/wp-json\/wp\/v2\/product_tag?post=20580"}],"curies":[{"name":"wp","href":"https:\/\/api.w.org\/{rel}","templated":true}]}}