{"id":20589,"date":"2023-02-16T14:28:16","date_gmt":"2024-05-29T09:31:47","guid":{"rendered":"https:\/\/www.lcn.eu\/lcn-fuer-installateure\/produkte\/sin%20categor\u00eda\/lcn-ups\/"},"modified":"2024-05-29T11:32:17","modified_gmt":"2024-05-29T09:32:17","slug":"lcn-ups","status":"publish","type":"product","link":"https:\/\/www.lcn.eu\/es\/lcn-fuer-installateure\/produkte\/modulos-de-bus\/lcn-ups\/","title":{"rendered":"LCN-UPS"},"content":{"rendered":"<p>El m\u00f3dulo empotrado SAI LCN es un m\u00f3dulo sensor del sistema de bus LCN. Dispone de cuatro salidas simuladas, dos de las cuales pueden utilizarse junto con el m\u00f3dulo LCN-DDR a trav\u00e9s de DSI o las cuatro a trav\u00e9s de DALI. El LCN-UPS tambi\u00e9n dispone de conexiones T e I para conectar sensores y actuadores LCN adicionales. The internal operating program can be freely parameterised with the LCN system software LCN-PRO. El LCN-UPS se instala de forma descentralizada en cajas profundas de interruptores, distribuci\u00f3n o electr\u00f3nica.<\/p>\n<p><strong>Campos de aplicaci\u00f3n:<\/strong><\/p>\n<ul>\n<li>Conexi\u00f3n rentable de sensores LCN y pulsadores KNX o pulsadores inal\u00e1mbricos EnOcean.<\/li>\n<li>Control individual de refrigeraci\u00f3n, calefacci\u00f3n y ventilaci\u00f3n.<\/li>\n<li>Control de acceso con mando a distancia por infrarrojos y transpondedor.<\/li>\n<li>Controles autom\u00e1ticos con muchos temporizadores y enlaces.<\/li>\n<li>Sistemas Tableau con cuatro estados por LED y v\u00ednculos jer\u00e1rquicos entre autorizaciones y visualizaciones.<\/li>\n<li>Sistemas de alarma, tambi\u00e9n con varias zonas y condiciones complejas, bloqueo, prealarma, etc.<\/li>\n<li>Interrelaci\u00f3n entre diferentes oficios: Iluminaci\u00f3n \u00ab Sombreado \u00ab Alarma \u00ab Acceso, etc.<br \/>\n= alta funcionalidad con un uso m\u00faltiple y rentable de sensores y actuadores.<\/li>\n<\/ul>\n<p>&nbsp;<\/p>\n<p><a class=\"elementor-button-link elementor-button elementor-size-sm\" href=\"https:\/\/webshop.lcn.eu\/LCN-UPS\/30018\" target=\"_blank\" rel=\"noopener\">A la tienda virtual<\/a><\/p>\n","protected":false},"excerpt":{"rendered":"<p>M\u00f3dulo sensor universal para la caja empotrada<\/p>\n","protected":false},"featured_media":3573,"template":"","meta":{"_acf_changed":false,"site-sidebar-layout":"default","site-content-layout":"default","ast-site-content-layout":"default","site-content-style":"default","site-sidebar-style":"default","ast-global-header-display":"","ast-banner-title-visibility":"","ast-main-header-display":"","ast-hfb-above-header-display":"","ast-hfb-below-header-display":"","ast-hfb-mobile-header-display":"","site-post-title":"","ast-breadcrumbs-content":"","ast-featured-img":"","footer-sml-layout":"","ast-disable-related-posts":"","theme-transparent-header-meta":"default","adv-header-id-meta":"","stick-header-meta":"","header-above-stick-meta":"","header-main-stick-meta":"","header-below-stick-meta":"","astra-migrate-meta-layouts":"default","ast-page-background-enabled":"default","ast-page-background-meta":{"desktop":{"background-color":"var(--ast-global-color-4)","background-image":"","background-repeat":"repeat","background-position":"center center","background-size":"auto","background-attachment":"scroll","background-type":"","background-media":"","overlay-type":"","overlay-color":"","overlay-opacity":"","overlay-gradient":""},"tablet":{"background-color":"","background-image":"","background-repeat":"repeat","background-position":"center center","background-size":"auto","background-attachment":"scroll","background-type":"","background-media":"","overlay-type":"","overlay-color":"","overlay-opacity":"","overlay-gradient":""},"mobile":{"background-color":"","background-image":"","background-repeat":"repeat","background-position":"center center","background-size":"auto","background-attachment":"scroll","background-type":"","background-media":"","overlay-type":"","overlay-color":"","overlay-opacity":"","overlay-gradient":""}},"ast-content-background-meta":{"desktop":{"background-color":"var(--ast-global-color-5)","background-image":"","background-repeat":"repeat","background-position":"center center","background-size":"auto","background-attachment":"scroll","background-type":"","background-media":"","overlay-type":"","overlay-color":"","overlay-opacity":"","overlay-gradient":""},"tablet":{"background-color":"var(--ast-global-color-5)","background-image":"","background-repeat":"repeat","background-position":"center center","background-size":"auto","background-attachment":"scroll","background-type":"","background-media":"","overlay-type":"","overlay-color":"","overlay-opacity":"","overlay-gradient":""},"mobile":{"background-color":"var(--ast-global-color-5)","background-image":"","background-repeat":"repeat","background-position":"center center","background-size":"auto","background-attachment":"scroll","background-type":"","background-media":"","overlay-type":"","overlay-color":"","overlay-opacity":"","overlay-gradient":""}}},"product_brand":[],"product_cat":[192],"product_tag":[188],"class_list":{"0":"post-20589","1":"product","2":"type-product","3":"status-publish","4":"has-post-thumbnail","6":"product_cat-modulos-de-bus","7":"product_tag-modulo-de-bus","8":"desktop-align-left","9":"tablet-align-left","10":"mobile-align-left","12":"first","13":"instock","14":"shipping-taxable","15":"product-type-simple"},"acf":[],"_links":{"self":[{"href":"https:\/\/www.lcn.eu\/es\/wp-json\/wp\/v2\/product\/20589","targetHints":{"allow":["GET"]}}],"collection":[{"href":"https:\/\/www.lcn.eu\/es\/wp-json\/wp\/v2\/product"}],"about":[{"href":"https:\/\/www.lcn.eu\/es\/wp-json\/wp\/v2\/types\/product"}],"wp:featuredmedia":[{"embeddable":true,"href":"https:\/\/www.lcn.eu\/es\/wp-json\/wp\/v2\/media\/3573"}],"wp:attachment":[{"href":"https:\/\/www.lcn.eu\/es\/wp-json\/wp\/v2\/media?parent=20589"}],"wp:term":[{"taxonomy":"product_brand","embeddable":true,"href":"https:\/\/www.lcn.eu\/es\/wp-json\/wp\/v2\/product_brand?post=20589"},{"taxonomy":"product_cat","embeddable":true,"href":"https:\/\/www.lcn.eu\/es\/wp-json\/wp\/v2\/product_cat?post=20589"},{"taxonomy":"product_tag","embeddable":true,"href":"https:\/\/www.lcn.eu\/es\/wp-json\/wp\/v2\/product_tag?post=20589"}],"curies":[{"name":"wp","href":"https:\/\/api.w.org\/{rel}","templated":true}]}}